{"id":1522,"date":"2025-03-21T16:53:30","date_gmt":"2025-03-21T16:53:30","guid":{"rendered":"https:\/\/coctelebra.com\/service-de-boissons-et-de-cocktails\/"},"modified":"2025-07-14T08:28:06","modified_gmt":"2025-07-14T08:28:06","slug":"service-de-boissons-et-de-cocktails","status":"publish","type":"page","link":"https:\/\/coctelebra.com\/fr\/service-de-boissons-et-de-cocktails\/","title":{"rendered":"Service de boissons et de cocktails"},"content":{"rendered":"\t\t<div data-elementor-type=\"wp-page\" data-elementor-id=\"1522\" class=\"elementor elementor-1522 elementor-357\" data-elementor-post-type=\"page\">\n\t\t\t\t<div class=\"elementor-element elementor-element-fc709b2 e-flex e-con-boxed e-con e-parent\" data-id=\"fc709b2\" data-element_type=\"container\" data-e-type=\"container\">\n\t\t\t\t\t<div class=\"e-con-inner\">\n\t\t\t\t<div class=\"elementor-element elementor-element-c4eac8f elementor-widget elementor-widget-heading\" data-id=\"c4eac8f\" data-element_type=\"widget\" data-e-type=\"widget\" data-widget_type=\"heading.default\">\n\t\t\t\t<div class=\"elementor-widget-container\">\n\t\t\t\t\t<h1 class=\"elementor-heading-title elementor-size-default\">Service de boissons et de cocktails<\/h1>\t\t\t\t<\/div>\n\t\t\t\t<\/div>\n\t\t\t\t\t<\/div>\n\t\t\t\t<\/div>\n\t\t<div class=\"elementor-element elementor-element-d5d5549 e-flex e-con-boxed e-con e-parent\" data-id=\"d5d5549\" data-element_type=\"container\" data-e-type=\"container\">\n\t\t\t\t\t<div class=\"e-con-inner\">\n\t\t<div class=\"elementor-element elementor-element-3f57482 e-con-full e-flex e-con e-child\" data-id=\"3f57482\" data-element_type=\"container\" data-e-type=\"container\">\n\t\t\t\t<div class=\"elementor-element elementor-element-b3a55b1 elementor-widget elementor-widget-image\" data-id=\"b3a55b1\" data-element_type=\"widget\" data-e-type=\"widget\" data-widget_type=\"image.default\">\n\t\t\t\t<div class=\"elementor-widget-container\">\n\t\t\t\t\t\t\t\t\t\t\t\t\t\t\t<img fetchpriority=\"high\" decoding=\"async\" width=\"600\" height=\"600\" src=\"https:\/\/coctelebra.com\/wp-content\/uploads\/2025\/03\/coctelebra-bebidas.webp\" class=\"attachment-large size-large wp-image-1165\" alt=\"\" srcset=\"https:\/\/coctelebra.com\/wp-content\/uploads\/2025\/03\/coctelebra-bebidas.webp 600w, https:\/\/coctelebra.com\/wp-content\/uploads\/2025\/03\/coctelebra-bebidas-300x300.webp 300w, https:\/\/coctelebra.com\/wp-content\/uploads\/2025\/03\/coctelebra-bebidas-150x150.webp 150w\" sizes=\"(max-width: 600px) 100vw, 600px\" \/>\t\t\t\t\t\t\t\t\t\t\t\t\t\t\t<\/div>\n\t\t\t\t<\/div>\n\t\t\t\t<\/div>\n\t\t<div class=\"elementor-element elementor-element-c5ad7e5 e-con-full e-flex e-con e-child\" data-id=\"c5ad7e5\" data-element_type=\"container\" data-e-type=\"container\">\n\t\t\t\t<div class=\"elementor-element elementor-element-ddbeea7 elementor-widget elementor-widget-image\" data-id=\"ddbeea7\" data-element_type=\"widget\" data-e-type=\"widget\" data-widget_type=\"image.default\">\n\t\t\t\t<div class=\"elementor-widget-container\">\n\t\t\t\t\t\t\t\t\t\t\t\t\t\t\t<img decoding=\"async\" width=\"600\" height=\"600\" src=\"https:\/\/coctelebra.com\/wp-content\/uploads\/2025\/03\/coctelebra-bebidas-1.webp\" class=\"attachment-large size-large wp-image-1167\" alt=\"\" srcset=\"https:\/\/coctelebra.com\/wp-content\/uploads\/2025\/03\/coctelebra-bebidas-1.webp 600w, https:\/\/coctelebra.com\/wp-content\/uploads\/2025\/03\/coctelebra-bebidas-1-300x300.webp 300w, https:\/\/coctelebra.com\/wp-content\/uploads\/2025\/03\/coctelebra-bebidas-1-150x150.webp 150w\" sizes=\"(max-width: 600px) 100vw, 600px\" \/>\t\t\t\t\t\t\t\t\t\t\t\t\t\t\t<\/div>\n\t\t\t\t<\/div>\n\t\t\t\t<\/div>\n\t\t<div class=\"elementor-element elementor-element-15c26fd e-con-full e-flex e-con e-child\" data-id=\"15c26fd\" data-element_type=\"container\" data-e-type=\"container\">\n\t\t\t\t<div class=\"elementor-element elementor-element-d1cb066 elementor-widget elementor-widget-image\" data-id=\"d1cb066\" data-element_type=\"widget\" data-e-type=\"widget\" data-widget_type=\"image.default\">\n\t\t\t\t<div class=\"elementor-widget-container\">\n\t\t\t\t\t\t\t\t\t\t\t\t\t\t\t<img decoding=\"async\" width=\"600\" height=\"600\" src=\"https:\/\/coctelebra.com\/wp-content\/uploads\/2025\/03\/coctelebra-bebidas-2.webp\" class=\"attachment-large size-large wp-image-1169\" alt=\"\" srcset=\"https:\/\/coctelebra.com\/wp-content\/uploads\/2025\/03\/coctelebra-bebidas-2.webp 600w, https:\/\/coctelebra.com\/wp-content\/uploads\/2025\/03\/coctelebra-bebidas-2-300x300.webp 300w, https:\/\/coctelebra.com\/wp-content\/uploads\/2025\/03\/coctelebra-bebidas-2-150x150.webp 150w\" sizes=\"(max-width: 600px) 100vw, 600px\" \/>\t\t\t\t\t\t\t\t\t\t\t\t\t\t\t<\/div>\n\t\t\t\t<\/div>\n\t\t\t\t<\/div>\n\t\t\t\t\t<\/div>\n\t\t\t\t<\/div>\n\t\t<div class=\"elementor-element elementor-element-6c55c47 e-flex e-con-boxed e-con e-parent\" data-id=\"6c55c47\" data-element_type=\"container\" data-e-type=\"container\">\n\t\t\t\t\t<div class=\"e-con-inner\">\n\t\t\t\t<div class=\"elementor-element elementor-element-cfb9bf1 elementor-widget elementor-widget-text-editor\" data-id=\"cfb9bf1\" data-element_type=\"widget\" data-e-type=\"widget\" data-widget_type=\"text-editor.default\">\n\t\t\t\t<div class=\"elementor-widget-container\">\n\t\t\t\t\t\t\t\t\t<p>\u00ab Que chaque toast que nous portons soit la c\u00e9l\u00e9bration d\u2019un \u00e9v\u00e8nement merveilleux \u00bb<\/p>\t\t\t\t\t\t\t\t<\/div>\n\t\t\t\t<\/div>\n\t\t\t\t\t<\/div>\n\t\t\t\t<\/div>\n\t\t<div class=\"elementor-element elementor-element-739b147 e-flex e-con-boxed e-con e-parent\" data-id=\"739b147\" data-element_type=\"container\" data-e-type=\"container\">\n\t\t\t\t\t<div class=\"e-con-inner\">\n\t\t<div class=\"elementor-element elementor-element-1bc5923 e-con-full e-flex e-con e-child\" data-id=\"1bc5923\" data-element_type=\"container\" data-e-type=\"container\" data-settings=\"{&quot;background_background&quot;:&quot;classic&quot;}\">\n\t\t<div class=\"elementor-element elementor-element-07fe308 e-con-full e-flex e-con e-child\" data-id=\"07fe308\" data-element_type=\"container\" data-e-type=\"container\">\n\t\t\t\t<div class=\"elementor-element elementor-element-99d2d15 elementor-widget elementor-widget-text-editor\" data-id=\"99d2d15\" data-element_type=\"widget\" data-e-type=\"widget\" data-widget_type=\"text-editor.default\">\n\t\t\t\t<div class=\"elementor-widget-container\">\n\t\t\t\t\t\t\t\t\t<p><strong>Service de boissons<br><\/strong>Les boissons d\u2019un \u00e9v\u00e8nement et l\u2019importance de compter sur un service ad\u00e9quat avec des produits de qualit\u00e9 sont souvent peu \u00e9voqu\u00e9es. Le choix des boissons pour chaque occasion est cependant un aspect essentiel de la gastronomie.<br>Nous nous occupons donc en d\u00e9tail de toutes les \u00e9tapes du service. Temp\u00e9rature id\u00e9ale, verrerie irr\u00e9prochable, le tout accompagn\u00e9 de notre plus beau sourire.  <\/p><p><strong>Cocktail<br><\/strong>\u00c0 nos d\u00e9buts, il y a pr\u00e8s de 10 ans, nous avons cr\u00e9\u00e9 un service professionnel de boissons pens\u00e9 tout sp\u00e9cialement pour les \u00e9v\u00e8nements.<\/p><p>Nous nous sommes form\u00e9s dans les meilleures \u00e9coles avant de nous lancer dans l\u2019aventure. Aujourd\u2019hui, nous avons particip\u00e9 aux plus grands \u00e9v\u00e8nements et mariages de l\u2019\u00eele, en plus de travailler en tant qu\u2019ambassadeurs de marques c\u00e9l\u00e8bres dans le monde entier. <\/p><p>Dans l\u2019univers des cocktails, nous nous sommes toujours efforc\u00e9s d\u2019offrir un service exclusif et de qualit\u00e9 pour faire la diff\u00e9rence. Ce n\u2019est pas juste un gin-tonic, c\u2019est votre gin-tonic ! <\/p><p>\u2013 Open-bar standard<br>\u2013 Open-bar premium<br>\u2013 Service sp\u00e9cial cocktail<\/p>\t\t\t\t\t\t\t\t<\/div>\n\t\t\t\t<\/div>\n\t\t\t\t<\/div>\n\t\t\t\t<\/div>\n\t\t<div class=\"elementor-element elementor-element-a616f79 e-con-full e-flex e-con e-child\" data-id=\"a616f79\" data-element_type=\"container\" data-e-type=\"container\">\n\t\t<div class=\"elementor-element elementor-element-38c4070 e-con-full e-flex e-con e-child\" data-id=\"38c4070\" data-element_type=\"container\" data-e-type=\"container\">\n\t\t\t\t<div class=\"elementor-element elementor-element-e440860 elementor-widget elementor-widget-image\" data-id=\"e440860\" data-element_type=\"widget\" data-e-type=\"widget\" data-widget_type=\"image.default\">\n\t\t\t\t<div class=\"elementor-widget-container\">\n\t\t\t\t\t\t\t\t\t\t\t\t\t\t\t<img loading=\"lazy\" decoding=\"async\" width=\"800\" height=\"632\" src=\"https:\/\/coctelebra.com\/wp-content\/uploads\/2025\/03\/coctelebra-bebidas-3.webp\" class=\"attachment-large size-large wp-image-1171\" alt=\"\" srcset=\"https:\/\/coctelebra.com\/wp-content\/uploads\/2025\/03\/coctelebra-bebidas-3.webp 800w, https:\/\/coctelebra.com\/wp-content\/uploads\/2025\/03\/coctelebra-bebidas-3-300x237.webp 300w, https:\/\/coctelebra.com\/wp-content\/uploads\/2025\/03\/coctelebra-bebidas-3-768x607.webp 768w\" sizes=\"(max-width: 800px) 100vw, 800px\" \/>\t\t\t\t\t\t\t\t\t\t\t\t\t\t\t<\/div>\n\t\t\t\t<\/div>\n\t\t\t\t<\/div>\n\t\t<div class=\"elementor-element elementor-element-e413faf e-con-full e-flex e-con e-child\" data-id=\"e413faf\" data-element_type=\"container\" data-e-type=\"container\">\n\t\t\t\t<div class=\"elementor-element elementor-element-0f0cfa7 elementor-widget elementor-widget-image\" data-id=\"0f0cfa7\" data-element_type=\"widget\" data-e-type=\"widget\" data-widget_type=\"image.default\">\n\t\t\t\t<div class=\"elementor-widget-container\">\n\t\t\t\t\t\t\t\t\t\t\t\t\t\t\t<img loading=\"lazy\" decoding=\"async\" width=\"800\" height=\"539\" src=\"https:\/\/coctelebra.com\/wp-content\/uploads\/2025\/03\/coctelebra-bebidas-4.webp\" class=\"attachment-large size-large wp-image-1173\" alt=\"\" srcset=\"https:\/\/coctelebra.com\/wp-content\/uploads\/2025\/03\/coctelebra-bebidas-4.webp 800w, https:\/\/coctelebra.com\/wp-content\/uploads\/2025\/03\/coctelebra-bebidas-4-300x202.webp 300w, https:\/\/coctelebra.com\/wp-content\/uploads\/2025\/03\/coctelebra-bebidas-4-768x517.webp 768w\" sizes=\"(max-width: 800px) 100vw, 800px\" \/>\t\t\t\t\t\t\t\t\t\t\t\t\t\t\t<\/div>\n\t\t\t\t<\/div>\n\t\t\t\t<\/div>\n\t\t\t\t<\/div>\n\t\t\t\t\t<\/div>\n\t\t\t\t<\/div>\n\t\t<div class=\"elementor-element elementor-element-bdd83ec e-flex e-con-boxed e-con e-parent\" data-id=\"bdd83ec\" data-element_type=\"container\" data-e-type=\"container\">\n\t\t\t\t\t<div class=\"e-con-inner\">\n\t\t\t\t<div class=\"elementor-element elementor-element-f42747f elementor-widget elementor-widget-text-editor\" data-id=\"f42747f\" data-element_type=\"widget\" data-e-type=\"widget\" data-widget_type=\"text-editor.default\">\n\t\t\t\t<div class=\"elementor-widget-container\">\n\t\t\t\t\t\t\t\t\t<p>\u00c0 votre sant\u00e9 !<\/p>\t\t\t\t\t\t\t\t<\/div>\n\t\t\t\t<\/div>\n\t\t\t\t\t<\/div>\n\t\t\t\t<\/div>\n\t\t<div class=\"elementor-element elementor-element-5d07f80 e-flex e-con-boxed e-con e-parent\" data-id=\"5d07f80\" data-element_type=\"container\" data-e-type=\"container\">\n\t\t\t\t\t<div class=\"e-con-inner\">\n\t\t<div class=\"elementor-element elementor-element-978fd8e e-con-full e-flex e-con e-child\" data-id=\"978fd8e\" data-element_type=\"container\" data-e-type=\"container\">\n\t\t\t\t<div class=\"elementor-element elementor-element-a615f15 elementor-widget elementor-widget-image\" data-id=\"a615f15\" data-element_type=\"widget\" data-e-type=\"widget\" data-widget_type=\"image.default\">\n\t\t\t\t<div class=\"elementor-widget-container\">\n\t\t\t\t\t\t\t\t\t\t\t\t\t\t\t<img loading=\"lazy\" decoding=\"async\" width=\"600\" height=\"600\" src=\"https:\/\/coctelebra.com\/wp-content\/uploads\/2025\/04\/servicio-con-destreza-y-estilo.webp\" class=\"attachment-large size-large wp-image-1326\" alt=\"\" srcset=\"https:\/\/coctelebra.com\/wp-content\/uploads\/2025\/04\/servicio-con-destreza-y-estilo.webp 600w, https:\/\/coctelebra.com\/wp-content\/uploads\/2025\/04\/servicio-con-destreza-y-estilo-300x300.webp 300w, https:\/\/coctelebra.com\/wp-content\/uploads\/2025\/04\/servicio-con-destreza-y-estilo-150x150.webp 150w\" sizes=\"(max-width: 600px) 100vw, 600px\" \/>\t\t\t\t\t\t\t\t\t\t\t\t\t\t\t<\/div>\n\t\t\t\t<\/div>\n\t\t\t\t<\/div>\n\t\t<div class=\"elementor-element elementor-element-0cbae18 e-con-full e-flex e-con e-child\" data-id=\"0cbae18\" data-element_type=\"container\" data-e-type=\"container\">\n\t\t\t\t<div class=\"elementor-element elementor-element-648ef1c elementor-widget elementor-widget-image\" data-id=\"648ef1c\" data-element_type=\"widget\" data-e-type=\"widget\" data-widget_type=\"image.default\">\n\t\t\t\t<div class=\"elementor-widget-container\">\n\t\t\t\t\t\t\t\t\t\t\t\t\t\t\t<img loading=\"lazy\" decoding=\"async\" width=\"600\" height=\"600\" src=\"https:\/\/coctelebra.com\/wp-content\/uploads\/2025\/04\/servicio-con-arte-en-cada-medida.webp\" class=\"attachment-full size-full wp-image-1328\" alt=\"\" srcset=\"https:\/\/coctelebra.com\/wp-content\/uploads\/2025\/04\/servicio-con-arte-en-cada-medida.webp 600w, https:\/\/coctelebra.com\/wp-content\/uploads\/2025\/04\/servicio-con-arte-en-cada-medida-300x300.webp 300w, https:\/\/coctelebra.com\/wp-content\/uploads\/2025\/04\/servicio-con-arte-en-cada-medida-150x150.webp 150w\" sizes=\"(max-width: 600px) 100vw, 600px\" \/>\t\t\t\t\t\t\t\t\t\t\t\t\t\t\t<\/div>\n\t\t\t\t<\/div>\n\t\t\t\t<\/div>\n\t\t<div class=\"elementor-element elementor-element-bfe15c4 e-con-full e-flex e-con e-child\" data-id=\"bfe15c4\" data-element_type=\"container\" data-e-type=\"container\">\n\t\t\t\t<div class=\"elementor-element elementor-element-dccfc81 elementor-widget elementor-widget-image\" data-id=\"dccfc81\" data-element_type=\"widget\" data-e-type=\"widget\" data-widget_type=\"image.default\">\n\t\t\t\t<div class=\"elementor-widget-container\">\n\t\t\t\t\t\t\t\t\t\t\t\t\t\t\t<img loading=\"lazy\" decoding=\"async\" width=\"600\" height=\"600\" src=\"https:\/\/coctelebra.com\/wp-content\/uploads\/2025\/04\/servicio-unico-en-tus-eventos.webp\" class=\"attachment-large size-large wp-image-1330\" alt=\"\" srcset=\"https:\/\/coctelebra.com\/wp-content\/uploads\/2025\/04\/servicio-unico-en-tus-eventos.webp 600w, https:\/\/coctelebra.com\/wp-content\/uploads\/2025\/04\/servicio-unico-en-tus-eventos-300x300.webp 300w, https:\/\/coctelebra.com\/wp-content\/uploads\/2025\/04\/servicio-unico-en-tus-eventos-150x150.webp 150w\" sizes=\"(max-width: 600px) 100vw, 600px\" \/>\t\t\t\t\t\t\t\t\t\t\t\t\t\t\t<\/div>\n\t\t\t\t<\/div>\n\t\t\t\t<\/div>\n\t\t\t\t\t<\/div>\n\t\t\t\t<\/div>\n\t\t\t\t<\/div>\n\t\t","protected":false},"excerpt":{"rendered":"<p>Service de boissons et de cocktails \u00ab Que chaque toast que nous portons soit la c\u00e9l\u00e9bration d\u2019un \u00e9v\u00e8nement merveilleux \u00bb Service de boissonsLes boissons d\u2019un \u00e9v\u00e8nement et l\u2019importance de compter sur un service ad\u00e9quat avec des produits de qualit\u00e9 sont souvent peu \u00e9voqu\u00e9es. Le choix des boissons pour chaque occasion est cependant un aspect essentiel [&hellip;]<\/p>\n","protected":false},"author":2,"featured_media":0,"parent":0,"menu_order":0,"comment_status":"closed","ping_status":"closed","template":"","meta":{"footnotes":""},"class_list":["post-1522","page","type-page","status-publish","hentry"],"yoast_head":"<!-- This site is optimized with the Yoast SEO plugin v27.2 - https:\/\/yoast.com\/product\/yoast-seo-wordpress\/ -->\n<title>Service de boissons et de cocktails - Coctelebra Catering Menorca<\/title>\n<meta name=\"robots\" content=\"index, follow, max-snippet:-1, max-image-preview:large, max-video-preview:-1\" \/>\n<link rel=\"canonical\" href=\"https:\/\/coctelebra.com\/fr\/service-de-boissons-et-de-cocktails\/\" \/>\n<meta property=\"og:locale\" content=\"fr_FR\" \/>\n<meta property=\"og:type\" content=\"article\" \/>\n<meta property=\"og:title\" content=\"Service de boissons et de cocktails - Coctelebra Catering Menorca\" \/>\n<meta property=\"og:description\" content=\"Service de boissons et de cocktails \u00ab Que chaque toast que nous portons soit la c\u00e9l\u00e9bration d\u2019un \u00e9v\u00e8nement merveilleux \u00bb Service de boissonsLes boissons d\u2019un \u00e9v\u00e8nement et l\u2019importance de compter sur un service ad\u00e9quat avec des produits de qualit\u00e9 sont souvent peu \u00e9voqu\u00e9es. Le choix des boissons pour chaque occasion est cependant un aspect essentiel [&hellip;]\" \/>\n<meta property=\"og:url\" content=\"https:\/\/coctelebra.com\/fr\/service-de-boissons-et-de-cocktails\/\" \/>\n<meta property=\"og:site_name\" content=\"Coctelebra Catering Menorca\" \/>\n<meta property=\"article:modified_time\" content=\"2025-07-14T08:28:06+00:00\" \/>\n<meta property=\"og:image\" content=\"https:\/\/coctelebra.com\/wp-content\/uploads\/2025\/03\/coctelebra-bebidas.webp\" \/>\n\t<meta property=\"og:image:width\" content=\"600\" \/>\n\t<meta property=\"og:image:height\" content=\"600\" \/>\n\t<meta property=\"og:image:type\" content=\"image\/webp\" \/>\n<meta name=\"twitter:card\" content=\"summary_large_image\" \/>\n<meta name=\"twitter:label1\" content=\"Dur\u00e9e de lecture estim\u00e9e\" \/>\n\t<meta name=\"twitter:data1\" content=\"1 minute\" \/>\n<script type=\"application\/ld+json\" class=\"yoast-schema-graph\">{\"@context\":\"https:\/\/schema.org\",\"@graph\":[{\"@type\":\"WebPage\",\"@id\":\"https:\/\/coctelebra.com\/fr\/service-de-boissons-et-de-cocktails\/\",\"url\":\"https:\/\/coctelebra.com\/fr\/service-de-boissons-et-de-cocktails\/\",\"name\":\"Service de boissons et de cocktails - Coctelebra Catering Menorca\",\"isPartOf\":{\"@id\":\"https:\/\/coctelebra.com\/fr\/#website\"},\"primaryImageOfPage\":{\"@id\":\"https:\/\/coctelebra.com\/fr\/service-de-boissons-et-de-cocktails\/#primaryimage\"},\"image\":{\"@id\":\"https:\/\/coctelebra.com\/fr\/service-de-boissons-et-de-cocktails\/#primaryimage\"},\"thumbnailUrl\":\"https:\/\/coctelebra.com\/wp-content\/uploads\/2025\/03\/coctelebra-bebidas.webp\",\"datePublished\":\"2025-03-21T16:53:30+00:00\",\"dateModified\":\"2025-07-14T08:28:06+00:00\",\"breadcrumb\":{\"@id\":\"https:\/\/coctelebra.com\/fr\/service-de-boissons-et-de-cocktails\/#breadcrumb\"},\"inLanguage\":\"fr-FR\",\"potentialAction\":[{\"@type\":\"ReadAction\",\"target\":[\"https:\/\/coctelebra.com\/fr\/service-de-boissons-et-de-cocktails\/\"]}]},{\"@type\":\"ImageObject\",\"inLanguage\":\"fr-FR\",\"@id\":\"https:\/\/coctelebra.com\/fr\/service-de-boissons-et-de-cocktails\/#primaryimage\",\"url\":\"https:\/\/coctelebra.com\/wp-content\/uploads\/2025\/03\/coctelebra-bebidas.webp\",\"contentUrl\":\"https:\/\/coctelebra.com\/wp-content\/uploads\/2025\/03\/coctelebra-bebidas.webp\"},{\"@type\":\"BreadcrumbList\",\"@id\":\"https:\/\/coctelebra.com\/fr\/service-de-boissons-et-de-cocktails\/#breadcrumb\",\"itemListElement\":[{\"@type\":\"ListItem\",\"position\":1,\"name\":\"Home\",\"item\":\"https:\/\/coctelebra.com\/fr\/\"},{\"@type\":\"ListItem\",\"position\":2,\"name\":\"Service de boissons et de cocktails\"}]},{\"@type\":\"WebSite\",\"@id\":\"https:\/\/coctelebra.com\/fr\/#website\",\"url\":\"https:\/\/coctelebra.com\/fr\/\",\"name\":\"Coctelebra Catering Menorca\",\"description\":\"Catering para Bodas y Eventos en Menorca\",\"publisher\":{\"@id\":\"https:\/\/coctelebra.com\/fr\/#organization\"},\"potentialAction\":[{\"@type\":\"SearchAction\",\"target\":{\"@type\":\"EntryPoint\",\"urlTemplate\":\"https:\/\/coctelebra.com\/fr\/?s={search_term_string}\"},\"query-input\":{\"@type\":\"PropertyValueSpecification\",\"valueRequired\":true,\"valueName\":\"search_term_string\"}}],\"inLanguage\":\"fr-FR\"},{\"@type\":\"Organization\",\"@id\":\"https:\/\/coctelebra.com\/fr\/#organization\",\"name\":\"Coctelebra Catering Menorca\",\"url\":\"https:\/\/coctelebra.com\/fr\/\",\"logo\":{\"@type\":\"ImageObject\",\"inLanguage\":\"fr-FR\",\"@id\":\"https:\/\/coctelebra.com\/fr\/#\/schema\/logo\/image\/\",\"url\":\"https:\/\/coctelebra.com\/wp-content\/uploads\/2025\/03\/logo-coctelebra.jpg\",\"contentUrl\":\"https:\/\/coctelebra.com\/wp-content\/uploads\/2025\/03\/logo-coctelebra.jpg\",\"width\":1001,\"height\":314,\"caption\":\"Coctelebra Catering Menorca\"},\"image\":{\"@id\":\"https:\/\/coctelebra.com\/fr\/#\/schema\/logo\/image\/\"}}]}<\/script>\n<!-- \/ Yoast SEO plugin. -->","yoast_head_json":{"title":"Service de boissons et de cocktails - Coctelebra Catering Menorca","robots":{"index":"index","follow":"follow","max-snippet":"max-snippet:-1","max-image-preview":"max-image-preview:large","max-video-preview":"max-video-preview:-1"},"canonical":"https:\/\/coctelebra.com\/fr\/service-de-boissons-et-de-cocktails\/","og_locale":"fr_FR","og_type":"article","og_title":"Service de boissons et de cocktails - Coctelebra Catering Menorca","og_description":"Service de boissons et de cocktails \u00ab Que chaque toast que nous portons soit la c\u00e9l\u00e9bration d\u2019un \u00e9v\u00e8nement merveilleux \u00bb Service de boissonsLes boissons d\u2019un \u00e9v\u00e8nement et l\u2019importance de compter sur un service ad\u00e9quat avec des produits de qualit\u00e9 sont souvent peu \u00e9voqu\u00e9es. Le choix des boissons pour chaque occasion est cependant un aspect essentiel [&hellip;]","og_url":"https:\/\/coctelebra.com\/fr\/service-de-boissons-et-de-cocktails\/","og_site_name":"Coctelebra Catering Menorca","article_modified_time":"2025-07-14T08:28:06+00:00","og_image":[{"width":600,"height":600,"url":"https:\/\/coctelebra.com\/wp-content\/uploads\/2025\/03\/coctelebra-bebidas.webp","type":"image\/webp"}],"twitter_card":"summary_large_image","twitter_misc":{"Dur\u00e9e de lecture estim\u00e9e":"1 minute"},"schema":{"@context":"https:\/\/schema.org","@graph":[{"@type":"WebPage","@id":"https:\/\/coctelebra.com\/fr\/service-de-boissons-et-de-cocktails\/","url":"https:\/\/coctelebra.com\/fr\/service-de-boissons-et-de-cocktails\/","name":"Service de boissons et de cocktails - Coctelebra Catering Menorca","isPartOf":{"@id":"https:\/\/coctelebra.com\/fr\/#website"},"primaryImageOfPage":{"@id":"https:\/\/coctelebra.com\/fr\/service-de-boissons-et-de-cocktails\/#primaryimage"},"image":{"@id":"https:\/\/coctelebra.com\/fr\/service-de-boissons-et-de-cocktails\/#primaryimage"},"thumbnailUrl":"https:\/\/coctelebra.com\/wp-content\/uploads\/2025\/03\/coctelebra-bebidas.webp","datePublished":"2025-03-21T16:53:30+00:00","dateModified":"2025-07-14T08:28:06+00:00","breadcrumb":{"@id":"https:\/\/coctelebra.com\/fr\/service-de-boissons-et-de-cocktails\/#breadcrumb"},"inLanguage":"fr-FR","potentialAction":[{"@type":"ReadAction","target":["https:\/\/coctelebra.com\/fr\/service-de-boissons-et-de-cocktails\/"]}]},{"@type":"ImageObject","inLanguage":"fr-FR","@id":"https:\/\/coctelebra.com\/fr\/service-de-boissons-et-de-cocktails\/#primaryimage","url":"https:\/\/coctelebra.com\/wp-content\/uploads\/2025\/03\/coctelebra-bebidas.webp","contentUrl":"https:\/\/coctelebra.com\/wp-content\/uploads\/2025\/03\/coctelebra-bebidas.webp"},{"@type":"BreadcrumbList","@id":"https:\/\/coctelebra.com\/fr\/service-de-boissons-et-de-cocktails\/#breadcrumb","itemListElement":[{"@type":"ListItem","position":1,"name":"Home","item":"https:\/\/coctelebra.com\/fr\/"},{"@type":"ListItem","position":2,"name":"Service de boissons et de cocktails"}]},{"@type":"WebSite","@id":"https:\/\/coctelebra.com\/fr\/#website","url":"https:\/\/coctelebra.com\/fr\/","name":"Coctelebra Catering Menorca","description":"Catering para Bodas y Eventos en Menorca","publisher":{"@id":"https:\/\/coctelebra.com\/fr\/#organization"},"potentialAction":[{"@type":"SearchAction","target":{"@type":"EntryPoint","urlTemplate":"https:\/\/coctelebra.com\/fr\/?s={search_term_string}"},"query-input":{"@type":"PropertyValueSpecification","valueRequired":true,"valueName":"search_term_string"}}],"inLanguage":"fr-FR"},{"@type":"Organization","@id":"https:\/\/coctelebra.com\/fr\/#organization","name":"Coctelebra Catering Menorca","url":"https:\/\/coctelebra.com\/fr\/","logo":{"@type":"ImageObject","inLanguage":"fr-FR","@id":"https:\/\/coctelebra.com\/fr\/#\/schema\/logo\/image\/","url":"https:\/\/coctelebra.com\/wp-content\/uploads\/2025\/03\/logo-coctelebra.jpg","contentUrl":"https:\/\/coctelebra.com\/wp-content\/uploads\/2025\/03\/logo-coctelebra.jpg","width":1001,"height":314,"caption":"Coctelebra Catering Menorca"},"image":{"@id":"https:\/\/coctelebra.com\/fr\/#\/schema\/logo\/image\/"}}]}},"_links":{"self":[{"href":"https:\/\/coctelebra.com\/fr\/wp-json\/wp\/v2\/pages\/1522","targetHints":{"allow":["GET"]}}],"collection":[{"href":"https:\/\/coctelebra.com\/fr\/wp-json\/wp\/v2\/pages"}],"about":[{"href":"https:\/\/coctelebra.com\/fr\/wp-json\/wp\/v2\/types\/page"}],"author":[{"embeddable":true,"href":"https:\/\/coctelebra.com\/fr\/wp-json\/wp\/v2\/users\/2"}],"replies":[{"embeddable":true,"href":"https:\/\/coctelebra.com\/fr\/wp-json\/wp\/v2\/comments?post=1522"}],"version-history":[{"count":5,"href":"https:\/\/coctelebra.com\/fr\/wp-json\/wp\/v2\/pages\/1522\/revisions"}],"predecessor-version":[{"id":2144,"href":"https:\/\/coctelebra.com\/fr\/wp-json\/wp\/v2\/pages\/1522\/revisions\/2144"}],"wp:attachment":[{"href":"https:\/\/coctelebra.com\/fr\/wp-json\/wp\/v2\/media?parent=1522"}],"curies":[{"name":"wp","href":"https:\/\/api.w.org\/{rel}","templated":true}]}}