{"id":1518,"date":"2025-03-21T09:01:44","date_gmt":"2025-03-21T09:01:44","guid":{"rendered":"https:\/\/coctelebra.com\/evenements-denterprise\/"},"modified":"2025-07-14T08:26:55","modified_gmt":"2025-07-14T08:26:55","slug":"evenements-denterprise","status":"publish","type":"page","link":"https:\/\/coctelebra.com\/fr\/evenements-denterprise\/","title":{"rendered":"\u00c9v\u00e8nements d&rsquo;enterprise"},"content":{"rendered":"\t\t<div data-elementor-type=\"wp-page\" data-elementor-id=\"1518\" class=\"elementor elementor-1518 elementor-273\" data-elementor-post-type=\"page\">\n\t\t\t\t<div class=\"elementor-element elementor-element-a986d7d e-flex e-con-boxed e-con e-parent\" data-id=\"a986d7d\" data-element_type=\"container\" data-e-type=\"container\">\n\t\t\t\t\t<div class=\"e-con-inner\">\n\t\t\t\t<div class=\"elementor-element elementor-element-e421869 elementor-widget elementor-widget-heading\" data-id=\"e421869\" data-element_type=\"widget\" data-e-type=\"widget\" data-widget_type=\"heading.default\">\n\t\t\t\t<div class=\"elementor-widget-container\">\n\t\t\t\t\t<h1 class=\"elementor-heading-title elementor-size-default\">\u00c9v\u00e8nements d'enterprise<\/h1>\t\t\t\t<\/div>\n\t\t\t\t<\/div>\n\t\t\t\t\t<\/div>\n\t\t\t\t<\/div>\n\t\t<div class=\"elementor-element elementor-element-39bc5ea e-flex e-con-boxed e-con e-parent\" data-id=\"39bc5ea\" data-element_type=\"container\" data-e-type=\"container\">\n\t\t\t\t\t<div class=\"e-con-inner\">\n\t\t<div class=\"elementor-element elementor-element-fd19e45 e-con-full e-flex e-con e-child\" data-id=\"fd19e45\" data-element_type=\"container\" data-e-type=\"container\">\n\t\t\t\t<div class=\"elementor-element elementor-element-bad46a0 elementor-widget elementor-widget-image\" data-id=\"bad46a0\" data-element_type=\"widget\" data-e-type=\"widget\" data-widget_type=\"image.default\">\n\t\t\t\t<div class=\"elementor-widget-container\">\n\t\t\t\t\t\t\t\t\t\t\t\t\t\t\t<img fetchpriority=\"high\" decoding=\"async\" width=\"425\" height=\"423\" src=\"https:\/\/coctelebra.com\/wp-content\/uploads\/2025\/03\/Eventos-corporativos.webp\" class=\"attachment-large size-large wp-image-1207\" alt=\"\" srcset=\"https:\/\/coctelebra.com\/wp-content\/uploads\/2025\/03\/Eventos-corporativos.webp 425w, https:\/\/coctelebra.com\/wp-content\/uploads\/2025\/03\/Eventos-corporativos-300x300.webp 300w, https:\/\/coctelebra.com\/wp-content\/uploads\/2025\/03\/Eventos-corporativos-150x150.webp 150w\" sizes=\"(max-width: 425px) 100vw, 425px\" \/>\t\t\t\t\t\t\t\t\t\t\t\t\t\t\t<\/div>\n\t\t\t\t<\/div>\n\t\t\t\t<\/div>\n\t\t<div class=\"elementor-element elementor-element-6550cd4 e-con-full e-flex e-con e-child\" data-id=\"6550cd4\" data-element_type=\"container\" data-e-type=\"container\">\n\t\t\t\t<div class=\"elementor-element elementor-element-58a1e3b elementor-widget elementor-widget-image\" data-id=\"58a1e3b\" data-element_type=\"widget\" data-e-type=\"widget\" data-widget_type=\"image.default\">\n\t\t\t\t<div class=\"elementor-widget-container\">\n\t\t\t\t\t\t\t\t\t\t\t\t\t\t\t<img decoding=\"async\" width=\"426\" height=\"426\" src=\"https:\/\/coctelebra.com\/wp-content\/uploads\/2025\/03\/Eventos-corporativos-1.webp\" class=\"attachment-large size-large wp-image-1209\" alt=\"\" srcset=\"https:\/\/coctelebra.com\/wp-content\/uploads\/2025\/03\/Eventos-corporativos-1.webp 426w, https:\/\/coctelebra.com\/wp-content\/uploads\/2025\/03\/Eventos-corporativos-1-300x300.webp 300w, https:\/\/coctelebra.com\/wp-content\/uploads\/2025\/03\/Eventos-corporativos-1-150x150.webp 150w\" sizes=\"(max-width: 426px) 100vw, 426px\" \/>\t\t\t\t\t\t\t\t\t\t\t\t\t\t\t<\/div>\n\t\t\t\t<\/div>\n\t\t\t\t<\/div>\n\t\t<div class=\"elementor-element elementor-element-21ec9f7 e-con-full e-flex e-con e-child\" data-id=\"21ec9f7\" data-element_type=\"container\" data-e-type=\"container\">\n\t\t\t\t<div class=\"elementor-element elementor-element-89dcbe6 elementor-widget elementor-widget-image\" data-id=\"89dcbe6\" data-element_type=\"widget\" data-e-type=\"widget\" data-widget_type=\"image.default\">\n\t\t\t\t<div class=\"elementor-widget-container\">\n\t\t\t\t\t\t\t\t\t\t\t\t\t\t\t<img decoding=\"async\" width=\"422\" height=\"427\" src=\"https:\/\/coctelebra.com\/wp-content\/uploads\/2025\/03\/Eventos-corporativos-2.webp\" class=\"attachment-large size-large wp-image-1211\" alt=\"\" srcset=\"https:\/\/coctelebra.com\/wp-content\/uploads\/2025\/03\/Eventos-corporativos-2.webp 422w, https:\/\/coctelebra.com\/wp-content\/uploads\/2025\/03\/Eventos-corporativos-2-296x300.webp 296w\" sizes=\"(max-width: 422px) 100vw, 422px\" \/>\t\t\t\t\t\t\t\t\t\t\t\t\t\t\t<\/div>\n\t\t\t\t<\/div>\n\t\t\t\t<\/div>\n\t\t\t\t\t<\/div>\n\t\t\t\t<\/div>\n\t\t<div class=\"elementor-element elementor-element-5fee184 e-flex e-con-boxed e-con e-parent\" data-id=\"5fee184\" data-element_type=\"container\" data-e-type=\"container\">\n\t\t\t\t\t<div class=\"e-con-inner\">\n\t\t\t\t<div class=\"elementor-element elementor-element-23986fc elementor-widget elementor-widget-text-editor\" data-id=\"23986fc\" data-element_type=\"widget\" data-e-type=\"widget\" data-widget_type=\"text-editor.default\">\n\t\t\t\t<div class=\"elementor-widget-container\">\n\t\t\t\t\t\t\t\t\t<p>Une \u00e9quipe solide et engag\u00e9e sait reconnaitre l\u2019importance du travail qu\u2019elle accomplit. Voil\u00e0 ce qui explique son succ\u00e8s.<\/p>\t\t\t\t\t\t\t\t<\/div>\n\t\t\t\t<\/div>\n\t\t\t\t\t<\/div>\n\t\t\t\t<\/div>\n\t\t<div class=\"elementor-element elementor-element-1849054 e-flex e-con-boxed e-con e-parent\" data-id=\"1849054\" data-element_type=\"container\" data-e-type=\"container\">\n\t\t\t\t\t<div class=\"e-con-inner\">\n\t\t<div class=\"elementor-element elementor-element-b767b5e e-con-full e-flex e-con e-child\" data-id=\"b767b5e\" data-element_type=\"container\" data-e-type=\"container\">\n\t\t<div class=\"elementor-element elementor-element-2aa4e26 e-con-full e-flex e-con e-child\" data-id=\"2aa4e26\" data-element_type=\"container\" data-e-type=\"container\">\n\t\t\t\t<div class=\"elementor-element elementor-element-1f578f0 elementor-widget elementor-widget-text-editor\" data-id=\"1f578f0\" data-element_type=\"widget\" data-e-type=\"widget\" data-widget_type=\"text-editor.default\">\n\t\t\t\t<div class=\"elementor-widget-container\">\n\t\t\t\t\t\t\t\t\t<p>Derri\u00e8re les r\u00e9sultats d\u2019une entreprise se trouvent les personnes, avec leurs pr\u00e9dilections, leurs go\u00fbts et leur individualit\u00e9.<\/p><p>Prendre soin de chacune d\u2019elles contribue d\u2019une part \u00e0 g\u00e9n\u00e9rer un environnement agr\u00e9able, mais aussi \u00e0 augmenter leur potentiel et \u00e0 atteindre de vrais objectifs.<\/p><p>Une r\u00e9union, un repas, une c\u00e9l\u00e9bration, une f\u00eate ou une simple r\u00e9union.<br>Notre mission est de comprendre les souhaits de chaque client et de nous adapter pour satisfaire leurs besoins et ainsi cr\u00e9er un moment unique.<\/p><p><strong>Quel type de service peut r\u00e9pondre \u00e0 vos attentes ?<\/strong><\/p><p>\u2013 Pause-caf\u00e9<br>\u2013 Brunch<br>\u2013 Repas<br>\u2013 Menus et banquets<br>\u2013 Journ\u00e9es<\/p><p>Notre service d\u2019organisation et de coordination se mettra au travail pour concevoir la meilleure option.<\/p>\t\t\t\t\t\t\t\t<\/div>\n\t\t\t\t<\/div>\n\t\t\t\t<\/div>\n\t\t\t\t<\/div>\n\t\t<div class=\"elementor-element elementor-element-fd3d96a e-con-full e-flex e-con e-child\" data-id=\"fd3d96a\" data-element_type=\"container\" data-e-type=\"container\">\n\t\t<div class=\"elementor-element elementor-element-b3761bf e-con-full e-flex e-con e-child\" data-id=\"b3761bf\" data-element_type=\"container\" data-e-type=\"container\">\n\t\t\t\t<div class=\"elementor-element elementor-element-aef4d5d elementor-widget elementor-widget-image\" data-id=\"aef4d5d\" data-element_type=\"widget\" data-e-type=\"widget\" data-widget_type=\"image.default\">\n\t\t\t\t<div class=\"elementor-widget-container\">\n\t\t\t\t\t\t\t\t\t\t\t\t\t\t\t<img loading=\"lazy\" decoding=\"async\" width=\"800\" height=\"533\" src=\"https:\/\/coctelebra.com\/wp-content\/uploads\/2025\/03\/122-800x533-1.webp\" class=\"attachment-large size-large wp-image-1131\" alt=\"\" srcset=\"https:\/\/coctelebra.com\/wp-content\/uploads\/2025\/03\/122-800x533-1.webp 800w, https:\/\/coctelebra.com\/wp-content\/uploads\/2025\/03\/122-800x533-1-300x200.webp 300w, https:\/\/coctelebra.com\/wp-content\/uploads\/2025\/03\/122-800x533-1-768x512.webp 768w\" sizes=\"(max-width: 800px) 100vw, 800px\" \/>\t\t\t\t\t\t\t\t\t\t\t\t\t\t\t<\/div>\n\t\t\t\t<\/div>\n\t\t\t\t<\/div>\n\t\t<div class=\"elementor-element elementor-element-3de352e e-con-full e-flex e-con e-child\" data-id=\"3de352e\" data-element_type=\"container\" data-e-type=\"container\">\n\t\t\t\t<div class=\"elementor-element elementor-element-8688df9 elementor-widget elementor-widget-image\" data-id=\"8688df9\" data-element_type=\"widget\" data-e-type=\"widget\" data-widget_type=\"image.default\">\n\t\t\t\t<div class=\"elementor-widget-container\">\n\t\t\t\t\t\t\t\t\t\t\t\t\t\t\t<img loading=\"lazy\" decoding=\"async\" width=\"800\" height=\"533\" src=\"https:\/\/coctelebra.com\/wp-content\/uploads\/2025\/03\/67-800x533-1.webp\" class=\"attachment-large size-large wp-image-1133\" alt=\"\" srcset=\"https:\/\/coctelebra.com\/wp-content\/uploads\/2025\/03\/67-800x533-1.webp 800w, https:\/\/coctelebra.com\/wp-content\/uploads\/2025\/03\/67-800x533-1-300x200.webp 300w, https:\/\/coctelebra.com\/wp-content\/uploads\/2025\/03\/67-800x533-1-768x512.webp 768w\" sizes=\"(max-width: 800px) 100vw, 800px\" \/>\t\t\t\t\t\t\t\t\t\t\t\t\t\t\t<\/div>\n\t\t\t\t<\/div>\n\t\t\t\t<\/div>\n\t\t\t\t<\/div>\n\t\t\t\t\t<\/div>\n\t\t\t\t<\/div>\n\t\t<div class=\"elementor-element elementor-element-1897d52 e-flex e-con-boxed e-con e-parent\" data-id=\"1897d52\" data-element_type=\"container\" data-e-type=\"container\">\n\t\t\t\t\t<div class=\"e-con-inner\">\n\t\t\t\t<div class=\"elementor-element elementor-element-72e1385 elementor-widget elementor-widget-text-editor\" data-id=\"72e1385\" data-element_type=\"widget\" data-e-type=\"widget\" data-widget_type=\"text-editor.default\">\n\t\t\t\t<div class=\"elementor-widget-container\">\n\t\t\t\t\t\t\t\t\t<p>Le succ\u00e8s est garanti !<\/p>\t\t\t\t\t\t\t\t<\/div>\n\t\t\t\t<\/div>\n\t\t\t\t\t<\/div>\n\t\t\t\t<\/div>\n\t\t<div class=\"elementor-element elementor-element-c92251d e-flex e-con-boxed e-con e-parent\" data-id=\"c92251d\" data-element_type=\"container\" data-e-type=\"container\">\n\t\t\t\t\t<div class=\"e-con-inner\">\n\t\t<div class=\"elementor-element elementor-element-a9527ef e-con-full e-flex e-con e-child\" data-id=\"a9527ef\" data-element_type=\"container\" data-e-type=\"container\">\n\t\t\t\t<div class=\"elementor-element elementor-element-fa3cec8 elementor-widget elementor-widget-image\" data-id=\"fa3cec8\" data-element_type=\"widget\" data-e-type=\"widget\" data-widget_type=\"image.default\">\n\t\t\t\t<div class=\"elementor-widget-container\">\n\t\t\t\t\t\t\t\t\t\t\t\t\t\t\t<img loading=\"lazy\" decoding=\"async\" width=\"426\" height=\"425\" src=\"https:\/\/coctelebra.com\/wp-content\/uploads\/2025\/03\/Eventos-corporativos-6.webp\" class=\"attachment-large size-large wp-image-1217\" alt=\"\" srcset=\"https:\/\/coctelebra.com\/wp-content\/uploads\/2025\/03\/Eventos-corporativos-6.webp 426w, https:\/\/coctelebra.com\/wp-content\/uploads\/2025\/03\/Eventos-corporativos-6-300x300.webp 300w, https:\/\/coctelebra.com\/wp-content\/uploads\/2025\/03\/Eventos-corporativos-6-150x150.webp 150w\" sizes=\"(max-width: 426px) 100vw, 426px\" \/>\t\t\t\t\t\t\t\t\t\t\t\t\t\t\t<\/div>\n\t\t\t\t<\/div>\n\t\t\t\t<\/div>\n\t\t<div class=\"elementor-element elementor-element-54e2486 e-con-full e-flex e-con e-child\" data-id=\"54e2486\" data-element_type=\"container\" data-e-type=\"container\">\n\t\t\t\t<div class=\"elementor-element elementor-element-458855f elementor-widget elementor-widget-image\" data-id=\"458855f\" data-element_type=\"widget\" data-e-type=\"widget\" data-widget_type=\"image.default\">\n\t\t\t\t<div class=\"elementor-widget-container\">\n\t\t\t\t\t\t\t\t\t\t\t\t\t\t\t<img loading=\"lazy\" decoding=\"async\" width=\"423\" height=\"426\" src=\"https:\/\/coctelebra.com\/wp-content\/uploads\/2025\/03\/Eventos-corporativos-5.webp\" class=\"attachment-large size-large wp-image-1215\" alt=\"\" srcset=\"https:\/\/coctelebra.com\/wp-content\/uploads\/2025\/03\/Eventos-corporativos-5.webp 423w, https:\/\/coctelebra.com\/wp-content\/uploads\/2025\/03\/Eventos-corporativos-5-298x300.webp 298w, https:\/\/coctelebra.com\/wp-content\/uploads\/2025\/03\/Eventos-corporativos-5-150x150.webp 150w\" sizes=\"(max-width: 423px) 100vw, 423px\" \/>\t\t\t\t\t\t\t\t\t\t\t\t\t\t\t<\/div>\n\t\t\t\t<\/div>\n\t\t\t\t<\/div>\n\t\t<div class=\"elementor-element elementor-element-30dd919 e-con-full e-flex e-con e-child\" data-id=\"30dd919\" data-element_type=\"container\" data-e-type=\"container\">\n\t\t\t\t<div class=\"elementor-element elementor-element-ce198a4 elementor-widget elementor-widget-image\" data-id=\"ce198a4\" data-element_type=\"widget\" data-e-type=\"widget\" data-widget_type=\"image.default\">\n\t\t\t\t<div class=\"elementor-widget-container\">\n\t\t\t\t\t\t\t\t\t\t\t\t\t\t\t<img loading=\"lazy\" decoding=\"async\" width=\"425\" height=\"424\" src=\"https:\/\/coctelebra.com\/wp-content\/uploads\/2025\/03\/Eventos-corporativos-3.webp\" class=\"attachment-large size-large wp-image-1213\" alt=\"\" srcset=\"https:\/\/coctelebra.com\/wp-content\/uploads\/2025\/03\/Eventos-corporativos-3.webp 425w, https:\/\/coctelebra.com\/wp-content\/uploads\/2025\/03\/Eventos-corporativos-3-300x300.webp 300w, https:\/\/coctelebra.com\/wp-content\/uploads\/2025\/03\/Eventos-corporativos-3-150x150.webp 150w\" sizes=\"(max-width: 425px) 100vw, 425px\" \/>\t\t\t\t\t\t\t\t\t\t\t\t\t\t\t<\/div>\n\t\t\t\t<\/div>\n\t\t\t\t<\/div>\n\t\t\t\t\t<\/div>\n\t\t\t\t<\/div>\n\t\t\t\t<\/div>\n\t\t","protected":false},"excerpt":{"rendered":"<p>\u00c9v\u00e8nements d&rsquo;enterprise Une \u00e9quipe solide et engag\u00e9e sait reconnaitre l\u2019importance du travail qu\u2019elle accomplit. Voil\u00e0 ce qui explique son succ\u00e8s. Derri\u00e8re les r\u00e9sultats d\u2019une entreprise se trouvent les personnes, avec leurs pr\u00e9dilections, leurs go\u00fbts et leur individualit\u00e9. Prendre soin de chacune d\u2019elles contribue d\u2019une part \u00e0 g\u00e9n\u00e9rer un environnement agr\u00e9able, mais aussi \u00e0 augmenter leur [&hellip;]<\/p>\n","protected":false},"author":2,"featured_media":0,"parent":0,"menu_order":0,"comment_status":"closed","ping_status":"closed","template":"","meta":{"footnotes":""},"class_list":["post-1518","page","type-page","status-publish","hentry"],"yoast_head":"<!-- This site is optimized with the Yoast SEO plugin v27.2 - https:\/\/yoast.com\/product\/yoast-seo-wordpress\/ -->\n<title>\u00c9v\u00e8nements d&#039;enterprise - Coctelebra Catering Menorca<\/title>\n<meta name=\"robots\" content=\"index, follow, max-snippet:-1, max-image-preview:large, max-video-preview:-1\" \/>\n<link rel=\"canonical\" href=\"https:\/\/coctelebra.com\/fr\/evenements-denterprise\/\" \/>\n<meta property=\"og:locale\" content=\"fr_FR\" \/>\n<meta property=\"og:type\" content=\"article\" \/>\n<meta property=\"og:title\" content=\"\u00c9v\u00e8nements d&#039;enterprise - Coctelebra Catering Menorca\" \/>\n<meta property=\"og:description\" content=\"\u00c9v\u00e8nements d&rsquo;enterprise Une \u00e9quipe solide et engag\u00e9e sait reconnaitre l\u2019importance du travail qu\u2019elle accomplit. Voil\u00e0 ce qui explique son succ\u00e8s. Derri\u00e8re les r\u00e9sultats d\u2019une entreprise se trouvent les personnes, avec leurs pr\u00e9dilections, leurs go\u00fbts et leur individualit\u00e9. Prendre soin de chacune d\u2019elles contribue d\u2019une part \u00e0 g\u00e9n\u00e9rer un environnement agr\u00e9able, mais aussi \u00e0 augmenter leur [&hellip;]\" \/>\n<meta property=\"og:url\" content=\"https:\/\/coctelebra.com\/fr\/evenements-denterprise\/\" \/>\n<meta property=\"og:site_name\" content=\"Coctelebra Catering Menorca\" \/>\n<meta property=\"article:modified_time\" content=\"2025-07-14T08:26:55+00:00\" \/>\n<meta property=\"og:image\" content=\"https:\/\/coctelebra.com\/wp-content\/uploads\/2025\/03\/Eventos-corporativos.webp\" \/>\n\t<meta property=\"og:image:width\" content=\"425\" \/>\n\t<meta property=\"og:image:height\" content=\"423\" \/>\n\t<meta property=\"og:image:type\" content=\"image\/webp\" \/>\n<meta name=\"twitter:card\" content=\"summary_large_image\" \/>\n<meta name=\"twitter:label1\" content=\"Dur\u00e9e de lecture estim\u00e9e\" \/>\n\t<meta name=\"twitter:data1\" content=\"1 minute\" \/>\n<script type=\"application\/ld+json\" class=\"yoast-schema-graph\">{\"@context\":\"https:\/\/schema.org\",\"@graph\":[{\"@type\":\"WebPage\",\"@id\":\"https:\/\/coctelebra.com\/fr\/evenements-denterprise\/\",\"url\":\"https:\/\/coctelebra.com\/fr\/evenements-denterprise\/\",\"name\":\"\u00c9v\u00e8nements d'enterprise - Coctelebra Catering Menorca\",\"isPartOf\":{\"@id\":\"https:\/\/coctelebra.com\/fr\/#website\"},\"primaryImageOfPage\":{\"@id\":\"https:\/\/coctelebra.com\/fr\/evenements-denterprise\/#primaryimage\"},\"image\":{\"@id\":\"https:\/\/coctelebra.com\/fr\/evenements-denterprise\/#primaryimage\"},\"thumbnailUrl\":\"https:\/\/coctelebra.com\/wp-content\/uploads\/2025\/03\/Eventos-corporativos.webp\",\"datePublished\":\"2025-03-21T09:01:44+00:00\",\"dateModified\":\"2025-07-14T08:26:55+00:00\",\"breadcrumb\":{\"@id\":\"https:\/\/coctelebra.com\/fr\/evenements-denterprise\/#breadcrumb\"},\"inLanguage\":\"fr-FR\",\"potentialAction\":[{\"@type\":\"ReadAction\",\"target\":[\"https:\/\/coctelebra.com\/fr\/evenements-denterprise\/\"]}]},{\"@type\":\"ImageObject\",\"inLanguage\":\"fr-FR\",\"@id\":\"https:\/\/coctelebra.com\/fr\/evenements-denterprise\/#primaryimage\",\"url\":\"https:\/\/coctelebra.com\/wp-content\/uploads\/2025\/03\/Eventos-corporativos.webp\",\"contentUrl\":\"https:\/\/coctelebra.com\/wp-content\/uploads\/2025\/03\/Eventos-corporativos.webp\"},{\"@type\":\"BreadcrumbList\",\"@id\":\"https:\/\/coctelebra.com\/fr\/evenements-denterprise\/#breadcrumb\",\"itemListElement\":[{\"@type\":\"ListItem\",\"position\":1,\"name\":\"Home\",\"item\":\"https:\/\/coctelebra.com\/fr\/\"},{\"@type\":\"ListItem\",\"position\":2,\"name\":\"\u00c9v\u00e8nements d&#8217;enterprise\"}]},{\"@type\":\"WebSite\",\"@id\":\"https:\/\/coctelebra.com\/fr\/#website\",\"url\":\"https:\/\/coctelebra.com\/fr\/\",\"name\":\"Coctelebra Catering Menorca\",\"description\":\"Catering para Bodas y Eventos en Menorca\",\"publisher\":{\"@id\":\"https:\/\/coctelebra.com\/fr\/#organization\"},\"potentialAction\":[{\"@type\":\"SearchAction\",\"target\":{\"@type\":\"EntryPoint\",\"urlTemplate\":\"https:\/\/coctelebra.com\/fr\/?s={search_term_string}\"},\"query-input\":{\"@type\":\"PropertyValueSpecification\",\"valueRequired\":true,\"valueName\":\"search_term_string\"}}],\"inLanguage\":\"fr-FR\"},{\"@type\":\"Organization\",\"@id\":\"https:\/\/coctelebra.com\/fr\/#organization\",\"name\":\"Coctelebra Catering Menorca\",\"url\":\"https:\/\/coctelebra.com\/fr\/\",\"logo\":{\"@type\":\"ImageObject\",\"inLanguage\":\"fr-FR\",\"@id\":\"https:\/\/coctelebra.com\/fr\/#\/schema\/logo\/image\/\",\"url\":\"https:\/\/coctelebra.com\/wp-content\/uploads\/2025\/03\/logo-coctelebra.jpg\",\"contentUrl\":\"https:\/\/coctelebra.com\/wp-content\/uploads\/2025\/03\/logo-coctelebra.jpg\",\"width\":1001,\"height\":314,\"caption\":\"Coctelebra Catering Menorca\"},\"image\":{\"@id\":\"https:\/\/coctelebra.com\/fr\/#\/schema\/logo\/image\/\"}}]}<\/script>\n<!-- \/ Yoast SEO plugin. -->","yoast_head_json":{"title":"\u00c9v\u00e8nements d'enterprise - Coctelebra Catering Menorca","robots":{"index":"index","follow":"follow","max-snippet":"max-snippet:-1","max-image-preview":"max-image-preview:large","max-video-preview":"max-video-preview:-1"},"canonical":"https:\/\/coctelebra.com\/fr\/evenements-denterprise\/","og_locale":"fr_FR","og_type":"article","og_title":"\u00c9v\u00e8nements d'enterprise - Coctelebra Catering Menorca","og_description":"\u00c9v\u00e8nements d&rsquo;enterprise Une \u00e9quipe solide et engag\u00e9e sait reconnaitre l\u2019importance du travail qu\u2019elle accomplit. Voil\u00e0 ce qui explique son succ\u00e8s. Derri\u00e8re les r\u00e9sultats d\u2019une entreprise se trouvent les personnes, avec leurs pr\u00e9dilections, leurs go\u00fbts et leur individualit\u00e9. Prendre soin de chacune d\u2019elles contribue d\u2019une part \u00e0 g\u00e9n\u00e9rer un environnement agr\u00e9able, mais aussi \u00e0 augmenter leur [&hellip;]","og_url":"https:\/\/coctelebra.com\/fr\/evenements-denterprise\/","og_site_name":"Coctelebra Catering Menorca","article_modified_time":"2025-07-14T08:26:55+00:00","og_image":[{"width":425,"height":423,"url":"https:\/\/coctelebra.com\/wp-content\/uploads\/2025\/03\/Eventos-corporativos.webp","type":"image\/webp"}],"twitter_card":"summary_large_image","twitter_misc":{"Dur\u00e9e de lecture estim\u00e9e":"1 minute"},"schema":{"@context":"https:\/\/schema.org","@graph":[{"@type":"WebPage","@id":"https:\/\/coctelebra.com\/fr\/evenements-denterprise\/","url":"https:\/\/coctelebra.com\/fr\/evenements-denterprise\/","name":"\u00c9v\u00e8nements d'enterprise - Coctelebra Catering Menorca","isPartOf":{"@id":"https:\/\/coctelebra.com\/fr\/#website"},"primaryImageOfPage":{"@id":"https:\/\/coctelebra.com\/fr\/evenements-denterprise\/#primaryimage"},"image":{"@id":"https:\/\/coctelebra.com\/fr\/evenements-denterprise\/#primaryimage"},"thumbnailUrl":"https:\/\/coctelebra.com\/wp-content\/uploads\/2025\/03\/Eventos-corporativos.webp","datePublished":"2025-03-21T09:01:44+00:00","dateModified":"2025-07-14T08:26:55+00:00","breadcrumb":{"@id":"https:\/\/coctelebra.com\/fr\/evenements-denterprise\/#breadcrumb"},"inLanguage":"fr-FR","potentialAction":[{"@type":"ReadAction","target":["https:\/\/coctelebra.com\/fr\/evenements-denterprise\/"]}]},{"@type":"ImageObject","inLanguage":"fr-FR","@id":"https:\/\/coctelebra.com\/fr\/evenements-denterprise\/#primaryimage","url":"https:\/\/coctelebra.com\/wp-content\/uploads\/2025\/03\/Eventos-corporativos.webp","contentUrl":"https:\/\/coctelebra.com\/wp-content\/uploads\/2025\/03\/Eventos-corporativos.webp"},{"@type":"BreadcrumbList","@id":"https:\/\/coctelebra.com\/fr\/evenements-denterprise\/#breadcrumb","itemListElement":[{"@type":"ListItem","position":1,"name":"Home","item":"https:\/\/coctelebra.com\/fr\/"},{"@type":"ListItem","position":2,"name":"\u00c9v\u00e8nements d&#8217;enterprise"}]},{"@type":"WebSite","@id":"https:\/\/coctelebra.com\/fr\/#website","url":"https:\/\/coctelebra.com\/fr\/","name":"Coctelebra Catering Menorca","description":"Catering para Bodas y Eventos en Menorca","publisher":{"@id":"https:\/\/coctelebra.com\/fr\/#organization"},"potentialAction":[{"@type":"SearchAction","target":{"@type":"EntryPoint","urlTemplate":"https:\/\/coctelebra.com\/fr\/?s={search_term_string}"},"query-input":{"@type":"PropertyValueSpecification","valueRequired":true,"valueName":"search_term_string"}}],"inLanguage":"fr-FR"},{"@type":"Organization","@id":"https:\/\/coctelebra.com\/fr\/#organization","name":"Coctelebra Catering Menorca","url":"https:\/\/coctelebra.com\/fr\/","logo":{"@type":"ImageObject","inLanguage":"fr-FR","@id":"https:\/\/coctelebra.com\/fr\/#\/schema\/logo\/image\/","url":"https:\/\/coctelebra.com\/wp-content\/uploads\/2025\/03\/logo-coctelebra.jpg","contentUrl":"https:\/\/coctelebra.com\/wp-content\/uploads\/2025\/03\/logo-coctelebra.jpg","width":1001,"height":314,"caption":"Coctelebra Catering Menorca"},"image":{"@id":"https:\/\/coctelebra.com\/fr\/#\/schema\/logo\/image\/"}}]}},"_links":{"self":[{"href":"https:\/\/coctelebra.com\/fr\/wp-json\/wp\/v2\/pages\/1518","targetHints":{"allow":["GET"]}}],"collection":[{"href":"https:\/\/coctelebra.com\/fr\/wp-json\/wp\/v2\/pages"}],"about":[{"href":"https:\/\/coctelebra.com\/fr\/wp-json\/wp\/v2\/types\/page"}],"author":[{"embeddable":true,"href":"https:\/\/coctelebra.com\/fr\/wp-json\/wp\/v2\/users\/2"}],"replies":[{"embeddable":true,"href":"https:\/\/coctelebra.com\/fr\/wp-json\/wp\/v2\/comments?post=1518"}],"version-history":[{"count":7,"href":"https:\/\/coctelebra.com\/fr\/wp-json\/wp\/v2\/pages\/1518\/revisions"}],"predecessor-version":[{"id":2129,"href":"https:\/\/coctelebra.com\/fr\/wp-json\/wp\/v2\/pages\/1518\/revisions\/2129"}],"wp:attachment":[{"href":"https:\/\/coctelebra.com\/fr\/wp-json\/wp\/v2\/media?parent=1518"}],"curies":[{"name":"wp","href":"https:\/\/api.w.org\/{rel}","templated":true}]}}