{"id":1514,"date":"2025-03-21T07:56:18","date_gmt":"2025-03-21T07:56:18","guid":{"rendered":"https:\/\/coctelebra.com\/trateiur-de-mariage\/"},"modified":"2025-07-14T08:26:14","modified_gmt":"2025-07-14T08:26:14","slug":"trateiur-de-mariage","status":"publish","type":"page","link":"https:\/\/coctelebra.com\/fr\/trateiur-de-mariage\/","title":{"rendered":"Trateiur de mariage"},"content":{"rendered":"\t\t<div data-elementor-type=\"wp-page\" data-elementor-id=\"1514\" class=\"elementor elementor-1514 elementor-217\" data-elementor-post-type=\"page\">\n\t\t\t\t<div class=\"elementor-element elementor-element-441be71 e-flex e-con-boxed e-con e-parent\" data-id=\"441be71\" data-element_type=\"container\" data-e-type=\"container\">\n\t\t\t\t\t<div class=\"e-con-inner\">\n\t\t\t\t<div class=\"elementor-element elementor-element-62a23a0 elementor-widget elementor-widget-heading\" data-id=\"62a23a0\" data-element_type=\"widget\" data-e-type=\"widget\" data-widget_type=\"heading.default\">\n\t\t\t\t<div class=\"elementor-widget-container\">\n\t\t\t\t\t<h1 class=\"elementor-heading-title elementor-size-default\">Trateiur de mariage<\/h1>\t\t\t\t<\/div>\n\t\t\t\t<\/div>\n\t\t\t\t\t<\/div>\n\t\t\t\t<\/div>\n\t\t<div class=\"elementor-element elementor-element-ea3887c e-flex e-con-boxed e-con e-parent\" data-id=\"ea3887c\" data-element_type=\"container\" data-e-type=\"container\">\n\t\t\t\t\t<div class=\"e-con-inner\">\n\t\t<div class=\"elementor-element elementor-element-0c29e70 e-con-full e-flex e-con e-child\" data-id=\"0c29e70\" data-element_type=\"container\" data-e-type=\"container\">\n\t\t\t\t<div class=\"elementor-element elementor-element-500972c elementor-widget elementor-widget-image\" data-id=\"500972c\" data-element_type=\"widget\" data-e-type=\"widget\" data-widget_type=\"image.default\">\n\t\t\t\t<div class=\"elementor-widget-container\">\n\t\t\t\t\t\t\t\t\t\t\t\t\t\t\t<img fetchpriority=\"high\" decoding=\"async\" width=\"600\" height=\"600\" src=\"https:\/\/coctelebra.com\/wp-content\/uploads\/2025\/04\/catering-para-bodas.webp\" class=\"attachment-large size-large wp-image-1280\" alt=\"\" srcset=\"https:\/\/coctelebra.com\/wp-content\/uploads\/2025\/04\/catering-para-bodas.webp 600w, https:\/\/coctelebra.com\/wp-content\/uploads\/2025\/04\/catering-para-bodas-300x300.webp 300w, https:\/\/coctelebra.com\/wp-content\/uploads\/2025\/04\/catering-para-bodas-150x150.webp 150w\" sizes=\"(max-width: 600px) 100vw, 600px\" \/>\t\t\t\t\t\t\t\t\t\t\t\t\t\t\t<\/div>\n\t\t\t\t<\/div>\n\t\t\t\t<\/div>\n\t\t<div class=\"elementor-element elementor-element-312f6da e-con-full e-flex e-con e-child\" data-id=\"312f6da\" data-element_type=\"container\" data-e-type=\"container\">\n\t\t\t\t<div class=\"elementor-element elementor-element-3854146 elementor-widget elementor-widget-image\" data-id=\"3854146\" data-element_type=\"widget\" data-e-type=\"widget\" data-widget_type=\"image.default\">\n\t\t\t\t<div class=\"elementor-widget-container\">\n\t\t\t\t\t\t\t\t\t\t\t\t\t\t\t<img decoding=\"async\" width=\"600\" height=\"600\" src=\"https:\/\/coctelebra.com\/wp-content\/uploads\/2025\/04\/catering-para-bodas-2.webp\" class=\"attachment-large size-large wp-image-1282\" alt=\"\" srcset=\"https:\/\/coctelebra.com\/wp-content\/uploads\/2025\/04\/catering-para-bodas-2.webp 600w, https:\/\/coctelebra.com\/wp-content\/uploads\/2025\/04\/catering-para-bodas-2-300x300.webp 300w, https:\/\/coctelebra.com\/wp-content\/uploads\/2025\/04\/catering-para-bodas-2-150x150.webp 150w\" sizes=\"(max-width: 600px) 100vw, 600px\" \/>\t\t\t\t\t\t\t\t\t\t\t\t\t\t\t<\/div>\n\t\t\t\t<\/div>\n\t\t\t\t<\/div>\n\t\t<div class=\"elementor-element elementor-element-9ff4534 e-con-full e-flex e-con e-child\" data-id=\"9ff4534\" data-element_type=\"container\" data-e-type=\"container\">\n\t\t\t\t<div class=\"elementor-element elementor-element-70233a7 elementor-widget elementor-widget-image\" data-id=\"70233a7\" data-element_type=\"widget\" data-e-type=\"widget\" data-widget_type=\"image.default\">\n\t\t\t\t<div class=\"elementor-widget-container\">\n\t\t\t\t\t\t\t\t\t\t\t\t\t\t\t<img decoding=\"async\" width=\"600\" height=\"600\" src=\"https:\/\/coctelebra.com\/wp-content\/uploads\/2025\/04\/catering-para-bodas-3.webp\" class=\"attachment-large size-large wp-image-1284\" alt=\"\" srcset=\"https:\/\/coctelebra.com\/wp-content\/uploads\/2025\/04\/catering-para-bodas-3.webp 600w, https:\/\/coctelebra.com\/wp-content\/uploads\/2025\/04\/catering-para-bodas-3-300x300.webp 300w, https:\/\/coctelebra.com\/wp-content\/uploads\/2025\/04\/catering-para-bodas-3-150x150.webp 150w\" sizes=\"(max-width: 600px) 100vw, 600px\" \/>\t\t\t\t\t\t\t\t\t\t\t\t\t\t\t<\/div>\n\t\t\t\t<\/div>\n\t\t\t\t<\/div>\n\t\t\t\t\t<\/div>\n\t\t\t\t<\/div>\n\t\t<div class=\"elementor-element elementor-element-1729bbd e-flex e-con-boxed e-con e-parent\" data-id=\"1729bbd\" data-element_type=\"container\" data-e-type=\"container\">\n\t\t\t\t\t<div class=\"e-con-inner\">\n\t\t\t\t<div class=\"elementor-element elementor-element-fd348e3 elementor-widget elementor-widget-text-editor\" data-id=\"fd348e3\" data-element_type=\"widget\" data-e-type=\"widget\" data-widget_type=\"text-editor.default\">\n\t\t\t\t<div class=\"elementor-widget-container\">\n\t\t\t\t\t\t\t\t\t<p>Que chaque nuit soit une nuit de noces\u2026<\/p>\t\t\t\t\t\t\t\t<\/div>\n\t\t\t\t<\/div>\n\t\t\t\t\t<\/div>\n\t\t\t\t<\/div>\n\t\t<div class=\"elementor-element elementor-element-0ca7ef0 e-flex e-con-boxed e-con e-parent\" data-id=\"0ca7ef0\" data-element_type=\"container\" data-e-type=\"container\">\n\t\t\t\t\t<div class=\"e-con-inner\">\n\t\t<div class=\"elementor-element elementor-element-9984b70 e-con-full e-flex e-con e-child\" data-id=\"9984b70\" data-element_type=\"container\" data-e-type=\"container\">\n\t\t<div class=\"elementor-element elementor-element-f548e52 e-con-full e-flex e-con e-child\" data-id=\"f548e52\" data-element_type=\"container\" data-e-type=\"container\">\n\t\t\t\t<div class=\"elementor-element elementor-element-6276f3f elementor-widget elementor-widget-text-editor\" data-id=\"6276f3f\" data-element_type=\"widget\" data-e-type=\"widget\" data-widget_type=\"text-editor.default\">\n\t\t\t\t<div class=\"elementor-widget-container\">\n\t\t\t\t\t\t\t\t\t<p>Des mariages intimes aux grandes c\u00e9l\u00e9brations.<br>Notre service de traiteur haut de gamme est unique en son genre. Nous visons en permanence la perfection, car il ne peut en \u00eatre autrement et cela n\u2019est possible que gr\u00e2ce \u00e0 l\u2019engagement de chacun d\u2019entre nous.<\/p><p>Nous sommes sp\u00e9cialis\u00e9s dans la cr\u00e9ation d\u2019exp\u00e9riences culinaires in\u00e9gal\u00e9es qui fascinent les clients et leur donnent des sensations imp\u00e9rissables.<br>Nous cr\u00e9ons des souvenirs \u00e0 travers notre gastronomie.<\/p><p>Avec une approche personnalis\u00e9e dans les moindres d\u00e9tails, de la s\u00e9lection des ingr\u00e9dients frais \u00e0 la pr\u00e9sentation impeccable de chaque plat, notre \u00e9quipe s\u2019engage \u00e0 d\u00e9passer vos attentes pour que votre \u00e9v\u00e8nement connaisse un succ\u00e8s sans pr\u00e9c\u00e9dent.<br>Faites-nous confiance pour une journ\u00e9e aussi importante.<\/p>\t\t\t\t\t\t\t\t<\/div>\n\t\t\t\t<\/div>\n\t\t\t\t<\/div>\n\t\t\t\t<\/div>\n\t\t<div class=\"elementor-element elementor-element-81ab7e2 e-con-full e-flex e-con e-child\" data-id=\"81ab7e2\" data-element_type=\"container\" data-e-type=\"container\">\n\t\t\t\t<div class=\"elementor-element elementor-element-3153179 elementor-widget elementor-widget-image\" data-id=\"3153179\" data-element_type=\"widget\" data-e-type=\"widget\" data-widget_type=\"image.default\">\n\t\t\t\t<div class=\"elementor-widget-container\">\n\t\t\t\t\t\t\t\t\t\t\t\t\t\t\t<img loading=\"lazy\" decoding=\"async\" width=\"683\" height=\"1024\" src=\"https:\/\/coctelebra.com\/wp-content\/uploads\/2025\/03\/unnamed-3-683x1024.webp\" class=\"attachment-large size-large wp-image-1127\" alt=\"\" srcset=\"https:\/\/coctelebra.com\/wp-content\/uploads\/2025\/03\/unnamed-3-683x1024.webp 683w, https:\/\/coctelebra.com\/wp-content\/uploads\/2025\/03\/unnamed-3-200x300.webp 200w, https:\/\/coctelebra.com\/wp-content\/uploads\/2025\/03\/unnamed-3-768x1151.webp 768w, https:\/\/coctelebra.com\/wp-content\/uploads\/2025\/03\/unnamed-3.webp 800w\" sizes=\"(max-width: 683px) 100vw, 683px\" \/>\t\t\t\t\t\t\t\t\t\t\t\t\t\t\t<\/div>\n\t\t\t\t<\/div>\n\t\t\t\t<\/div>\n\t\t\t\t\t<\/div>\n\t\t\t\t<\/div>\n\t\t<div class=\"elementor-element elementor-element-64656ef e-flex e-con-boxed e-con e-parent\" data-id=\"64656ef\" data-element_type=\"container\" data-e-type=\"container\">\n\t\t\t\t\t<div class=\"e-con-inner\">\n\t\t\t\t<div class=\"elementor-element elementor-element-4844f23 elementor-widget elementor-widget-text-editor\" data-id=\"4844f23\" data-element_type=\"widget\" data-e-type=\"widget\" data-widget_type=\"text-editor.default\">\n\t\t\t\t<div class=\"elementor-widget-container\">\n\t\t\t\t\t\t\t\t\t<p>\u2026 que toutes les lunes soient des lunes de miel.<\/p>\t\t\t\t\t\t\t\t<\/div>\n\t\t\t\t<\/div>\n\t\t\t\t\t<\/div>\n\t\t\t\t<\/div>\n\t\t<div class=\"elementor-element elementor-element-89358ee e-flex e-con-boxed e-con e-parent\" data-id=\"89358ee\" data-element_type=\"container\" data-e-type=\"container\">\n\t\t\t\t\t<div class=\"e-con-inner\">\n\t\t<div class=\"elementor-element elementor-element-67ff788 e-con-full e-flex e-con e-child\" data-id=\"67ff788\" data-element_type=\"container\" data-e-type=\"container\">\n\t\t\t\t<div class=\"elementor-element elementor-element-d171339 elementor-widget elementor-widget-image\" data-id=\"d171339\" data-element_type=\"widget\" data-e-type=\"widget\" data-widget_type=\"image.default\">\n\t\t\t\t<div class=\"elementor-widget-container\">\n\t\t\t\t\t\t\t\t\t\t\t\t\t\t\t<img loading=\"lazy\" decoding=\"async\" width=\"600\" height=\"600\" src=\"https:\/\/coctelebra.com\/wp-content\/uploads\/2025\/04\/catering-para-bodas-4.webp\" class=\"attachment-large size-large wp-image-1286\" alt=\"\" srcset=\"https:\/\/coctelebra.com\/wp-content\/uploads\/2025\/04\/catering-para-bodas-4.webp 600w, https:\/\/coctelebra.com\/wp-content\/uploads\/2025\/04\/catering-para-bodas-4-300x300.webp 300w, https:\/\/coctelebra.com\/wp-content\/uploads\/2025\/04\/catering-para-bodas-4-150x150.webp 150w\" sizes=\"(max-width: 600px) 100vw, 600px\" \/>\t\t\t\t\t\t\t\t\t\t\t\t\t\t\t<\/div>\n\t\t\t\t<\/div>\n\t\t\t\t<\/div>\n\t\t<div class=\"elementor-element elementor-element-39b33da e-con-full e-flex e-con e-child\" data-id=\"39b33da\" data-element_type=\"container\" data-e-type=\"container\">\n\t\t\t\t<div class=\"elementor-element elementor-element-5b41893 elementor-widget elementor-widget-image\" data-id=\"5b41893\" data-element_type=\"widget\" data-e-type=\"widget\" data-widget_type=\"image.default\">\n\t\t\t\t<div class=\"elementor-widget-container\">\n\t\t\t\t\t\t\t\t\t\t\t\t\t\t\t<img loading=\"lazy\" decoding=\"async\" width=\"602\" height=\"600\" src=\"https:\/\/coctelebra.com\/wp-content\/uploads\/2025\/04\/catering-para-bodas-5.webp\" class=\"attachment-large size-large wp-image-1288\" alt=\"\" srcset=\"https:\/\/coctelebra.com\/wp-content\/uploads\/2025\/04\/catering-para-bodas-5.webp 602w, https:\/\/coctelebra.com\/wp-content\/uploads\/2025\/04\/catering-para-bodas-5-300x300.webp 300w, https:\/\/coctelebra.com\/wp-content\/uploads\/2025\/04\/catering-para-bodas-5-150x150.webp 150w\" sizes=\"(max-width: 602px) 100vw, 602px\" \/>\t\t\t\t\t\t\t\t\t\t\t\t\t\t\t<\/div>\n\t\t\t\t<\/div>\n\t\t\t\t<\/div>\n\t\t<div class=\"elementor-element elementor-element-4d29922 e-con-full e-flex e-con e-child\" data-id=\"4d29922\" data-element_type=\"container\" data-e-type=\"container\">\n\t\t\t\t<div class=\"elementor-element elementor-element-5f7b3eb elementor-widget elementor-widget-image\" data-id=\"5f7b3eb\" data-element_type=\"widget\" data-e-type=\"widget\" data-widget_type=\"image.default\">\n\t\t\t\t<div class=\"elementor-widget-container\">\n\t\t\t\t\t\t\t\t\t\t\t\t\t\t\t<img loading=\"lazy\" decoding=\"async\" width=\"600\" height=\"600\" src=\"https:\/\/coctelebra.com\/wp-content\/uploads\/2025\/04\/catering-para-bodas-6.webp\" class=\"attachment-large size-large wp-image-1290\" alt=\"\" srcset=\"https:\/\/coctelebra.com\/wp-content\/uploads\/2025\/04\/catering-para-bodas-6.webp 600w, https:\/\/coctelebra.com\/wp-content\/uploads\/2025\/04\/catering-para-bodas-6-300x300.webp 300w, https:\/\/coctelebra.com\/wp-content\/uploads\/2025\/04\/catering-para-bodas-6-150x150.webp 150w\" sizes=\"(max-width: 600px) 100vw, 600px\" \/>\t\t\t\t\t\t\t\t\t\t\t\t\t\t\t<\/div>\n\t\t\t\t<\/div>\n\t\t\t\t<\/div>\n\t\t\t\t\t<\/div>\n\t\t\t\t<\/div>\n\t\t\t\t<\/div>\n\t\t","protected":false},"excerpt":{"rendered":"<p>Trateiur de mariage Que chaque nuit soit une nuit de noces\u2026 Des mariages intimes aux grandes c\u00e9l\u00e9brations.Notre service de traiteur haut de gamme est unique en son genre. Nous visons en permanence la perfection, car il ne peut en \u00eatre autrement et cela n\u2019est possible que gr\u00e2ce \u00e0 l\u2019engagement de chacun d\u2019entre nous. Nous sommes [&hellip;]<\/p>\n","protected":false},"author":2,"featured_media":0,"parent":0,"menu_order":0,"comment_status":"closed","ping_status":"closed","template":"","meta":{"footnotes":""},"class_list":["post-1514","page","type-page","status-publish","hentry"],"yoast_head":"<!-- This site is optimized with the Yoast SEO plugin v27.2 - https:\/\/yoast.com\/product\/yoast-seo-wordpress\/ -->\n<title>Trateiur de mariage - Coctelebra Catering Menorca<\/title>\n<meta name=\"robots\" content=\"index, follow, max-snippet:-1, max-image-preview:large, max-video-preview:-1\" \/>\n<link rel=\"canonical\" href=\"https:\/\/coctelebra.com\/fr\/trateiur-de-mariage\/\" \/>\n<meta property=\"og:locale\" content=\"fr_FR\" \/>\n<meta property=\"og:type\" content=\"article\" \/>\n<meta property=\"og:title\" content=\"Trateiur de mariage - Coctelebra Catering Menorca\" \/>\n<meta property=\"og:description\" content=\"Trateiur de mariage Que chaque nuit soit une nuit de noces\u2026 Des mariages intimes aux grandes c\u00e9l\u00e9brations.Notre service de traiteur haut de gamme est unique en son genre. Nous visons en permanence la perfection, car il ne peut en \u00eatre autrement et cela n\u2019est possible que gr\u00e2ce \u00e0 l\u2019engagement de chacun d\u2019entre nous. Nous sommes [&hellip;]\" \/>\n<meta property=\"og:url\" content=\"https:\/\/coctelebra.com\/fr\/trateiur-de-mariage\/\" \/>\n<meta property=\"og:site_name\" content=\"Coctelebra Catering Menorca\" \/>\n<meta property=\"article:modified_time\" content=\"2025-07-14T08:26:14+00:00\" \/>\n<meta property=\"og:image\" content=\"https:\/\/coctelebra.com\/wp-content\/uploads\/2025\/04\/catering-para-bodas.webp\" \/>\n\t<meta property=\"og:image:width\" content=\"600\" \/>\n\t<meta property=\"og:image:height\" content=\"600\" \/>\n\t<meta property=\"og:image:type\" content=\"image\/webp\" \/>\n<meta name=\"twitter:card\" content=\"summary_large_image\" \/>\n<meta name=\"twitter:label1\" content=\"Dur\u00e9e de lecture estim\u00e9e\" \/>\n\t<meta name=\"twitter:data1\" content=\"1 minute\" \/>\n<script type=\"application\/ld+json\" class=\"yoast-schema-graph\">{\"@context\":\"https:\/\/schema.org\",\"@graph\":[{\"@type\":\"WebPage\",\"@id\":\"https:\/\/coctelebra.com\/fr\/trateiur-de-mariage\/\",\"url\":\"https:\/\/coctelebra.com\/fr\/trateiur-de-mariage\/\",\"name\":\"Trateiur de mariage - Coctelebra Catering Menorca\",\"isPartOf\":{\"@id\":\"https:\/\/coctelebra.com\/fr\/#website\"},\"primaryImageOfPage\":{\"@id\":\"https:\/\/coctelebra.com\/fr\/trateiur-de-mariage\/#primaryimage\"},\"image\":{\"@id\":\"https:\/\/coctelebra.com\/fr\/trateiur-de-mariage\/#primaryimage\"},\"thumbnailUrl\":\"https:\/\/coctelebra.com\/wp-content\/uploads\/2025\/04\/catering-para-bodas.webp\",\"datePublished\":\"2025-03-21T07:56:18+00:00\",\"dateModified\":\"2025-07-14T08:26:14+00:00\",\"breadcrumb\":{\"@id\":\"https:\/\/coctelebra.com\/fr\/trateiur-de-mariage\/#breadcrumb\"},\"inLanguage\":\"fr-FR\",\"potentialAction\":[{\"@type\":\"ReadAction\",\"target\":[\"https:\/\/coctelebra.com\/fr\/trateiur-de-mariage\/\"]}]},{\"@type\":\"ImageObject\",\"inLanguage\":\"fr-FR\",\"@id\":\"https:\/\/coctelebra.com\/fr\/trateiur-de-mariage\/#primaryimage\",\"url\":\"https:\/\/coctelebra.com\/wp-content\/uploads\/2025\/04\/catering-para-bodas.webp\",\"contentUrl\":\"https:\/\/coctelebra.com\/wp-content\/uploads\/2025\/04\/catering-para-bodas.webp\"},{\"@type\":\"BreadcrumbList\",\"@id\":\"https:\/\/coctelebra.com\/fr\/trateiur-de-mariage\/#breadcrumb\",\"itemListElement\":[{\"@type\":\"ListItem\",\"position\":1,\"name\":\"Home\",\"item\":\"https:\/\/coctelebra.com\/fr\/\"},{\"@type\":\"ListItem\",\"position\":2,\"name\":\"Trateiur de mariage\"}]},{\"@type\":\"WebSite\",\"@id\":\"https:\/\/coctelebra.com\/fr\/#website\",\"url\":\"https:\/\/coctelebra.com\/fr\/\",\"name\":\"Coctelebra Catering Menorca\",\"description\":\"Catering para Bodas y Eventos en Menorca\",\"publisher\":{\"@id\":\"https:\/\/coctelebra.com\/fr\/#organization\"},\"potentialAction\":[{\"@type\":\"SearchAction\",\"target\":{\"@type\":\"EntryPoint\",\"urlTemplate\":\"https:\/\/coctelebra.com\/fr\/?s={search_term_string}\"},\"query-input\":{\"@type\":\"PropertyValueSpecification\",\"valueRequired\":true,\"valueName\":\"search_term_string\"}}],\"inLanguage\":\"fr-FR\"},{\"@type\":\"Organization\",\"@id\":\"https:\/\/coctelebra.com\/fr\/#organization\",\"name\":\"Coctelebra Catering Menorca\",\"url\":\"https:\/\/coctelebra.com\/fr\/\",\"logo\":{\"@type\":\"ImageObject\",\"inLanguage\":\"fr-FR\",\"@id\":\"https:\/\/coctelebra.com\/fr\/#\/schema\/logo\/image\/\",\"url\":\"https:\/\/coctelebra.com\/wp-content\/uploads\/2025\/03\/logo-coctelebra.jpg\",\"contentUrl\":\"https:\/\/coctelebra.com\/wp-content\/uploads\/2025\/03\/logo-coctelebra.jpg\",\"width\":1001,\"height\":314,\"caption\":\"Coctelebra Catering Menorca\"},\"image\":{\"@id\":\"https:\/\/coctelebra.com\/fr\/#\/schema\/logo\/image\/\"}}]}<\/script>\n<!-- \/ Yoast SEO plugin. -->","yoast_head_json":{"title":"Trateiur de mariage - Coctelebra Catering Menorca","robots":{"index":"index","follow":"follow","max-snippet":"max-snippet:-1","max-image-preview":"max-image-preview:large","max-video-preview":"max-video-preview:-1"},"canonical":"https:\/\/coctelebra.com\/fr\/trateiur-de-mariage\/","og_locale":"fr_FR","og_type":"article","og_title":"Trateiur de mariage - Coctelebra Catering Menorca","og_description":"Trateiur de mariage Que chaque nuit soit une nuit de noces\u2026 Des mariages intimes aux grandes c\u00e9l\u00e9brations.Notre service de traiteur haut de gamme est unique en son genre. Nous visons en permanence la perfection, car il ne peut en \u00eatre autrement et cela n\u2019est possible que gr\u00e2ce \u00e0 l\u2019engagement de chacun d\u2019entre nous. Nous sommes [&hellip;]","og_url":"https:\/\/coctelebra.com\/fr\/trateiur-de-mariage\/","og_site_name":"Coctelebra Catering Menorca","article_modified_time":"2025-07-14T08:26:14+00:00","og_image":[{"width":600,"height":600,"url":"https:\/\/coctelebra.com\/wp-content\/uploads\/2025\/04\/catering-para-bodas.webp","type":"image\/webp"}],"twitter_card":"summary_large_image","twitter_misc":{"Dur\u00e9e de lecture estim\u00e9e":"1 minute"},"schema":{"@context":"https:\/\/schema.org","@graph":[{"@type":"WebPage","@id":"https:\/\/coctelebra.com\/fr\/trateiur-de-mariage\/","url":"https:\/\/coctelebra.com\/fr\/trateiur-de-mariage\/","name":"Trateiur de mariage - Coctelebra Catering Menorca","isPartOf":{"@id":"https:\/\/coctelebra.com\/fr\/#website"},"primaryImageOfPage":{"@id":"https:\/\/coctelebra.com\/fr\/trateiur-de-mariage\/#primaryimage"},"image":{"@id":"https:\/\/coctelebra.com\/fr\/trateiur-de-mariage\/#primaryimage"},"thumbnailUrl":"https:\/\/coctelebra.com\/wp-content\/uploads\/2025\/04\/catering-para-bodas.webp","datePublished":"2025-03-21T07:56:18+00:00","dateModified":"2025-07-14T08:26:14+00:00","breadcrumb":{"@id":"https:\/\/coctelebra.com\/fr\/trateiur-de-mariage\/#breadcrumb"},"inLanguage":"fr-FR","potentialAction":[{"@type":"ReadAction","target":["https:\/\/coctelebra.com\/fr\/trateiur-de-mariage\/"]}]},{"@type":"ImageObject","inLanguage":"fr-FR","@id":"https:\/\/coctelebra.com\/fr\/trateiur-de-mariage\/#primaryimage","url":"https:\/\/coctelebra.com\/wp-content\/uploads\/2025\/04\/catering-para-bodas.webp","contentUrl":"https:\/\/coctelebra.com\/wp-content\/uploads\/2025\/04\/catering-para-bodas.webp"},{"@type":"BreadcrumbList","@id":"https:\/\/coctelebra.com\/fr\/trateiur-de-mariage\/#breadcrumb","itemListElement":[{"@type":"ListItem","position":1,"name":"Home","item":"https:\/\/coctelebra.com\/fr\/"},{"@type":"ListItem","position":2,"name":"Trateiur de mariage"}]},{"@type":"WebSite","@id":"https:\/\/coctelebra.com\/fr\/#website","url":"https:\/\/coctelebra.com\/fr\/","name":"Coctelebra Catering Menorca","description":"Catering para Bodas y Eventos en Menorca","publisher":{"@id":"https:\/\/coctelebra.com\/fr\/#organization"},"potentialAction":[{"@type":"SearchAction","target":{"@type":"EntryPoint","urlTemplate":"https:\/\/coctelebra.com\/fr\/?s={search_term_string}"},"query-input":{"@type":"PropertyValueSpecification","valueRequired":true,"valueName":"search_term_string"}}],"inLanguage":"fr-FR"},{"@type":"Organization","@id":"https:\/\/coctelebra.com\/fr\/#organization","name":"Coctelebra Catering Menorca","url":"https:\/\/coctelebra.com\/fr\/","logo":{"@type":"ImageObject","inLanguage":"fr-FR","@id":"https:\/\/coctelebra.com\/fr\/#\/schema\/logo\/image\/","url":"https:\/\/coctelebra.com\/wp-content\/uploads\/2025\/03\/logo-coctelebra.jpg","contentUrl":"https:\/\/coctelebra.com\/wp-content\/uploads\/2025\/03\/logo-coctelebra.jpg","width":1001,"height":314,"caption":"Coctelebra Catering Menorca"},"image":{"@id":"https:\/\/coctelebra.com\/fr\/#\/schema\/logo\/image\/"}}]}},"_links":{"self":[{"href":"https:\/\/coctelebra.com\/fr\/wp-json\/wp\/v2\/pages\/1514","targetHints":{"allow":["GET"]}}],"collection":[{"href":"https:\/\/coctelebra.com\/fr\/wp-json\/wp\/v2\/pages"}],"about":[{"href":"https:\/\/coctelebra.com\/fr\/wp-json\/wp\/v2\/types\/page"}],"author":[{"embeddable":true,"href":"https:\/\/coctelebra.com\/fr\/wp-json\/wp\/v2\/users\/2"}],"replies":[{"embeddable":true,"href":"https:\/\/coctelebra.com\/fr\/wp-json\/wp\/v2\/comments?post=1514"}],"version-history":[{"count":5,"href":"https:\/\/coctelebra.com\/fr\/wp-json\/wp\/v2\/pages\/1514\/revisions"}],"predecessor-version":[{"id":2119,"href":"https:\/\/coctelebra.com\/fr\/wp-json\/wp\/v2\/pages\/1514\/revisions\/2119"}],"wp:attachment":[{"href":"https:\/\/coctelebra.com\/fr\/wp-json\/wp\/v2\/media?parent=1514"}],"curies":[{"name":"wp","href":"https:\/\/api.w.org\/{rel}","templated":true}]}}