{"id":1363,"date":"2025-03-21T16:22:40","date_gmt":"2025-03-21T16:22:40","guid":{"rendered":"https:\/\/coctelebra.com\/location-de-materiel\/"},"modified":"2025-07-14T08:27:39","modified_gmt":"2025-07-14T08:27:39","slug":"location-de-materiel","status":"publish","type":"page","link":"https:\/\/coctelebra.com\/fr\/location-de-materiel\/","title":{"rendered":"Location d\u2019\u00e9quipement"},"content":{"rendered":"\t\t<div data-elementor-type=\"wp-page\" data-elementor-id=\"1363\" class=\"elementor elementor-1363 elementor-328\" data-elementor-post-type=\"page\">\n\t\t\t\t<div class=\"elementor-element elementor-element-5915ed5 e-flex e-con-boxed e-con e-parent\" data-id=\"5915ed5\" data-element_type=\"container\" data-e-type=\"container\">\n\t\t\t\t\t<div class=\"e-con-inner\">\n\t\t\t\t<div class=\"elementor-element elementor-element-2ed11dd elementor-widget elementor-widget-heading\" data-id=\"2ed11dd\" data-element_type=\"widget\" data-e-type=\"widget\" data-widget_type=\"heading.default\">\n\t\t\t\t<div class=\"elementor-widget-container\">\n\t\t\t\t\t<h1 class=\"elementor-heading-title elementor-size-default\">Location de mat\u00e9riel pour mariages et \u00e9v\u00e9nements \u00e0 Minorque<\/h1>\t\t\t\t<\/div>\n\t\t\t\t<\/div>\n\t\t\t\t\t<\/div>\n\t\t\t\t<\/div>\n\t\t<div class=\"elementor-element elementor-element-155b1c1 e-flex e-con-boxed e-con e-parent\" data-id=\"155b1c1\" data-element_type=\"container\" data-e-type=\"container\">\n\t\t\t\t\t<div class=\"e-con-inner\">\n\t\t<div class=\"elementor-element elementor-element-db9e89c e-con-full e-flex e-con e-child\" data-id=\"db9e89c\" data-element_type=\"container\" data-e-type=\"container\">\n\t\t\t\t<div class=\"elementor-element elementor-element-21b5861 elementor-widget elementor-widget-image\" data-id=\"21b5861\" data-element_type=\"widget\" data-e-type=\"widget\" data-widget_type=\"image.default\">\n\t\t\t\t<div class=\"elementor-widget-container\">\n\t\t\t\t\t\t\t\t\t\t\t\t\t\t\t<img fetchpriority=\"high\" decoding=\"async\" width=\"600\" height=\"600\" src=\"https:\/\/coctelebra.com\/wp-content\/uploads\/2025\/04\/alquiler-que-realza-tu-evento.webp\" class=\"attachment-large size-large wp-image-1314\" alt=\"\" srcset=\"https:\/\/coctelebra.com\/wp-content\/uploads\/2025\/04\/alquiler-que-realza-tu-evento.webp 600w, https:\/\/coctelebra.com\/wp-content\/uploads\/2025\/04\/alquiler-que-realza-tu-evento-300x300.webp 300w, https:\/\/coctelebra.com\/wp-content\/uploads\/2025\/04\/alquiler-que-realza-tu-evento-150x150.webp 150w\" sizes=\"(max-width: 600px) 100vw, 600px\" \/>\t\t\t\t\t\t\t\t\t\t\t\t\t\t\t<\/div>\n\t\t\t\t<\/div>\n\t\t\t\t<\/div>\n\t\t<div class=\"elementor-element elementor-element-5852ad2 e-con-full e-flex e-con e-child\" data-id=\"5852ad2\" data-element_type=\"container\" data-e-type=\"container\">\n\t\t\t\t<div class=\"elementor-element elementor-element-1d63d0a elementor-widget elementor-widget-image\" data-id=\"1d63d0a\" data-element_type=\"widget\" data-e-type=\"widget\" data-widget_type=\"image.default\">\n\t\t\t\t<div class=\"elementor-widget-container\">\n\t\t\t\t\t\t\t\t\t\t\t\t\t\t\t<img decoding=\"async\" width=\"600\" height=\"600\" src=\"https:\/\/coctelebra.com\/wp-content\/uploads\/2025\/04\/alquiler-de-material-que-celebra-cada-detalle.webp\" class=\"attachment-large size-large wp-image-1316\" alt=\"\" srcset=\"https:\/\/coctelebra.com\/wp-content\/uploads\/2025\/04\/alquiler-de-material-que-celebra-cada-detalle.webp 600w, https:\/\/coctelebra.com\/wp-content\/uploads\/2025\/04\/alquiler-de-material-que-celebra-cada-detalle-300x300.webp 300w, https:\/\/coctelebra.com\/wp-content\/uploads\/2025\/04\/alquiler-de-material-que-celebra-cada-detalle-150x150.webp 150w\" sizes=\"(max-width: 600px) 100vw, 600px\" \/>\t\t\t\t\t\t\t\t\t\t\t\t\t\t\t<\/div>\n\t\t\t\t<\/div>\n\t\t\t\t<\/div>\n\t\t<div class=\"elementor-element elementor-element-4de9fd9 e-con-full e-flex e-con e-child\" data-id=\"4de9fd9\" data-element_type=\"container\" data-e-type=\"container\">\n\t\t\t\t<div class=\"elementor-element elementor-element-4185e0b elementor-widget elementor-widget-image\" data-id=\"4185e0b\" data-element_type=\"widget\" data-e-type=\"widget\" data-widget_type=\"image.default\">\n\t\t\t\t<div class=\"elementor-widget-container\">\n\t\t\t\t\t\t\t\t\t\t\t\t\t\t\t<img decoding=\"async\" width=\"600\" height=\"600\" src=\"https:\/\/coctelebra.com\/wp-content\/uploads\/2025\/04\/alquiler-que-eleva-tu-evento.webp\" class=\"attachment-large size-large wp-image-1318\" alt=\"\" srcset=\"https:\/\/coctelebra.com\/wp-content\/uploads\/2025\/04\/alquiler-que-eleva-tu-evento.webp 600w, https:\/\/coctelebra.com\/wp-content\/uploads\/2025\/04\/alquiler-que-eleva-tu-evento-300x300.webp 300w, https:\/\/coctelebra.com\/wp-content\/uploads\/2025\/04\/alquiler-que-eleva-tu-evento-150x150.webp 150w\" sizes=\"(max-width: 600px) 100vw, 600px\" \/>\t\t\t\t\t\t\t\t\t\t\t\t\t\t\t<\/div>\n\t\t\t\t<\/div>\n\t\t\t\t<\/div>\n\t\t\t\t\t<\/div>\n\t\t\t\t<\/div>\n\t\t<div class=\"elementor-element elementor-element-6b2286e e-flex e-con-boxed e-con e-parent\" data-id=\"6b2286e\" data-element_type=\"container\" data-e-type=\"container\">\n\t\t\t\t\t<div class=\"e-con-inner\">\n\t\t\t\t<div class=\"elementor-element elementor-element-41d72dc elementor-widget elementor-widget-text-editor\" data-id=\"41d72dc\" data-element_type=\"widget\" data-e-type=\"widget\" data-widget_type=\"text-editor.default\">\n\t\t\t\t<div class=\"elementor-widget-container\">\n\t\t\t\t\t\t\t\t\t<p>Transformez votre espace en un endroit parfait<\/p>\t\t\t\t\t\t\t\t<\/div>\n\t\t\t\t<\/div>\n\t\t\t\t\t<\/div>\n\t\t\t\t<\/div>\n\t\t<div class=\"elementor-element elementor-element-7a8ec0f e-flex e-con-boxed e-con e-parent\" data-id=\"7a8ec0f\" data-element_type=\"container\" data-e-type=\"container\">\n\t\t\t\t\t<div class=\"e-con-inner\">\n\t\t<div class=\"elementor-element elementor-element-dc1d3d9 e-con-full e-flex e-con e-child\" data-id=\"dc1d3d9\" data-element_type=\"container\" data-e-type=\"container\" data-settings=\"{&quot;background_background&quot;:&quot;classic&quot;}\">\n\t\t<div class=\"elementor-element elementor-element-f05daca e-con-full e-flex e-con e-child\" data-id=\"f05daca\" data-element_type=\"container\" data-e-type=\"container\">\n\t\t\t\t<div class=\"elementor-element elementor-element-3f0a476 elementor-widget elementor-widget-text-editor\" data-id=\"3f0a476\" data-element_type=\"widget\" data-e-type=\"widget\" data-widget_type=\"text-editor.default\">\n\t\t\t\t<div class=\"elementor-widget-container\">\n\t\t\t\t\t\t\t\t\t<p>Chez Coctelebra Catering, nous disposons d\u2019un vaste service de location d\u2019ustensiles de cuisine et de mat\u00e9riel pour les mariages et les \u00e9v\u00e8nements.<br>Que vous souhaitiez c\u00e9l\u00e9brer un mariage, un \u00e9v\u00e8nement plus intime ou d\u2019entreprise, nous avons tout le n\u00e9cessaire pour vous aider \u00e0 cr\u00e9er l\u2019espace que vous recherchez<br>En tant qu\u2019entreprise de r\u00e9f\u00e9rence sur l\u2019\u00eele, notre catalogue vous propose un grand nombre de produits \u00e0 la location. Notre gamme inclut d\u2019\u00e9l\u00e9gants couverts, de la vaisselle, de la verrerie, des ustensiles de cuisine, des meubles et du linge de table, mais nous disposons aussi de machines et de mat\u00e9riel pour la conservation des aliments.<br>Sans oublier notre mat\u00e9riel de d\u00e9coration.<br>Tout est soign\u00e9 avec la minutie et l\u2019amour du d\u00e9tail qui nous caract\u00e9risent.<br>Notre mat\u00e9riel est v\u00e9rifi\u00e9 et stock\u00e9 dans nos installations pour garantir en permanence un \u00e9tat irr\u00e9prochable au moment de la livraison.<br>Quels sont les avantages ? Vous pouvez disposer d\u2019un beau mat\u00e9riel de qualit\u00e9 \u00e0 un prix abordable sans avoir \u00e0 les acqu\u00e9rir et \u00e0 vous encombrer d\u2019objets que vous n\u2019utiliserez peut-\u00eatre plus jamais.<br>Nous vous conseillerons \u00e0 tout moment pour que votre choix fasse le plus bel effet.  <\/p>\t\t\t\t\t\t\t\t<\/div>\n\t\t\t\t<\/div>\n\t\t<div class=\"elementor-element elementor-element-da4229c e-con-full e-flex e-con e-child\" data-id=\"da4229c\" data-element_type=\"container\" data-e-type=\"container\">\n\t\t\t\t<div class=\"elementor-element elementor-element-6ad85a8 elementor-align-center elementor-widget elementor-widget-button\" data-id=\"6ad85a8\" data-element_type=\"widget\" data-e-type=\"widget\" data-widget_type=\"button.default\">\n\t\t\t\t<div class=\"elementor-widget-container\">\n\t\t\t\t\t\t\t\t\t<div class=\"elementor-button-wrapper\">\n\t\t\t\t\t<a class=\"elementor-button elementor-button-link elementor-size-sm\" href=\"https:\/\/coctelebra.com\/wp-content\/uploads\/2025\/04\/Coctelebra-General-ss.sp_.pdf\" target=\"_blank\">\n\t\t\t\t\t\t<span class=\"elementor-button-content-wrapper\">\n\t\t\t\t\t\t\t\t\t<span class=\"elementor-button-text\">VISITEZ NOTRE CATALOGUE<\/span>\n\t\t\t\t\t<\/span>\n\t\t\t\t\t<\/a>\n\t\t\t\t<\/div>\n\t\t\t\t\t\t\t\t<\/div>\n\t\t\t\t<\/div>\n\t\t\t\t<\/div>\n\t\t\t\t<\/div>\n\t\t\t\t<\/div>\n\t\t<div class=\"elementor-element elementor-element-49a0bdd e-con-full e-flex e-con e-child\" data-id=\"49a0bdd\" data-element_type=\"container\" data-e-type=\"container\">\n\t\t<div class=\"elementor-element elementor-element-7df1dfd e-con-full e-flex e-con e-child\" data-id=\"7df1dfd\" data-element_type=\"container\" data-e-type=\"container\">\n\t\t\t\t<div class=\"elementor-element elementor-element-810f0bc elementor-widget elementor-widget-image\" data-id=\"810f0bc\" data-element_type=\"widget\" data-e-type=\"widget\" data-widget_type=\"image.default\">\n\t\t\t\t<div class=\"elementor-widget-container\">\n\t\t\t\t\t\t\t\t\t\t\t\t\t\t\t<img loading=\"lazy\" decoding=\"async\" width=\"800\" height=\"534\" src=\"https:\/\/coctelebra.com\/wp-content\/uploads\/2025\/03\/Coctelebra-material-3-1024x683.webp\" class=\"attachment-large size-large wp-image-1155\" alt=\"\" srcset=\"https:\/\/coctelebra.com\/wp-content\/uploads\/2025\/03\/Coctelebra-material-3-1024x683.webp 1024w, https:\/\/coctelebra.com\/wp-content\/uploads\/2025\/03\/Coctelebra-material-3-300x200.webp 300w, https:\/\/coctelebra.com\/wp-content\/uploads\/2025\/03\/Coctelebra-material-3-768x512.webp 768w, https:\/\/coctelebra.com\/wp-content\/uploads\/2025\/03\/Coctelebra-material-3.webp 1200w\" sizes=\"(max-width: 800px) 100vw, 800px\" \/>\t\t\t\t\t\t\t\t\t\t\t\t\t\t\t<\/div>\n\t\t\t\t<\/div>\n\t\t\t\t<\/div>\n\t\t<div class=\"elementor-element elementor-element-b893cb1 e-con-full e-flex e-con e-child\" data-id=\"b893cb1\" data-element_type=\"container\" data-e-type=\"container\">\n\t\t\t\t<div class=\"elementor-element elementor-element-b191220 elementor-widget elementor-widget-image\" data-id=\"b191220\" data-element_type=\"widget\" data-e-type=\"widget\" data-widget_type=\"image.default\">\n\t\t\t\t<div class=\"elementor-widget-container\">\n\t\t\t\t\t\t\t\t\t\t\t\t\t\t\t<img loading=\"lazy\" decoding=\"async\" width=\"800\" height=\"534\" src=\"https:\/\/coctelebra.com\/wp-content\/uploads\/2025\/03\/Coctelebra-material-4-1024x683.webp\" class=\"attachment-large size-large wp-image-1157\" alt=\"\" srcset=\"https:\/\/coctelebra.com\/wp-content\/uploads\/2025\/03\/Coctelebra-material-4-1024x683.webp 1024w, https:\/\/coctelebra.com\/wp-content\/uploads\/2025\/03\/Coctelebra-material-4-300x200.webp 300w, https:\/\/coctelebra.com\/wp-content\/uploads\/2025\/03\/Coctelebra-material-4-768x512.webp 768w, https:\/\/coctelebra.com\/wp-content\/uploads\/2025\/03\/Coctelebra-material-4.webp 1200w\" sizes=\"(max-width: 800px) 100vw, 800px\" \/>\t\t\t\t\t\t\t\t\t\t\t\t\t\t\t<\/div>\n\t\t\t\t<\/div>\n\t\t\t\t<\/div>\n\t\t\t\t<\/div>\n\t\t\t\t\t<\/div>\n\t\t\t\t<\/div>\n\t\t<div class=\"elementor-element elementor-element-a37cbcc e-flex e-con-boxed e-con e-parent\" data-id=\"a37cbcc\" data-element_type=\"container\" data-e-type=\"container\">\n\t\t\t\t\t<div class=\"e-con-inner\">\n\t\t\t\t<div class=\"elementor-element elementor-element-1d468f1 elementor-widget elementor-widget-text-editor\" data-id=\"1d468f1\" data-element_type=\"widget\" data-e-type=\"widget\" data-widget_type=\"text-editor.default\">\n\t\t\t\t<div class=\"elementor-widget-container\">\n\t\t\t\t\t\t\t\t\t<p>D\u00e9corez votre espace pour cr\u00e9er un lieu magique et accueillant<\/p>\t\t\t\t\t\t\t\t<\/div>\n\t\t\t\t<\/div>\n\t\t\t\t\t<\/div>\n\t\t\t\t<\/div>\n\t\t<div class=\"elementor-element elementor-element-5458d69 e-flex e-con-boxed e-con e-parent\" data-id=\"5458d69\" data-element_type=\"container\" data-e-type=\"container\">\n\t\t\t\t\t<div class=\"e-con-inner\">\n\t\t<div class=\"elementor-element elementor-element-fab3d81 e-con-full e-flex e-con e-child\" data-id=\"fab3d81\" data-element_type=\"container\" data-e-type=\"container\">\n\t\t\t\t<div class=\"elementor-element elementor-element-5c34170 elementor-widget elementor-widget-image\" data-id=\"5c34170\" data-element_type=\"widget\" data-e-type=\"widget\" data-widget_type=\"image.default\">\n\t\t\t\t<div class=\"elementor-widget-container\">\n\t\t\t\t\t\t\t\t\t\t\t\t\t\t\t<img loading=\"lazy\" decoding=\"async\" width=\"600\" height=\"600\" src=\"https:\/\/coctelebra.com\/wp-content\/uploads\/2025\/04\/la-magia-de-nuestro-alquiler_-encanto-y-diseno-unico.webp\" class=\"attachment-large size-large wp-image-1320\" alt=\"\" srcset=\"https:\/\/coctelebra.com\/wp-content\/uploads\/2025\/04\/la-magia-de-nuestro-alquiler_-encanto-y-diseno-unico.webp 600w, https:\/\/coctelebra.com\/wp-content\/uploads\/2025\/04\/la-magia-de-nuestro-alquiler_-encanto-y-diseno-unico-300x300.webp 300w, https:\/\/coctelebra.com\/wp-content\/uploads\/2025\/04\/la-magia-de-nuestro-alquiler_-encanto-y-diseno-unico-150x150.webp 150w\" sizes=\"(max-width: 600px) 100vw, 600px\" \/>\t\t\t\t\t\t\t\t\t\t\t\t\t\t\t<\/div>\n\t\t\t\t<\/div>\n\t\t\t\t<\/div>\n\t\t<div class=\"elementor-element elementor-element-8d89b44 e-con-full e-flex e-con e-child\" data-id=\"8d89b44\" data-element_type=\"container\" data-e-type=\"container\">\n\t\t\t\t<div class=\"elementor-element elementor-element-99e64d4 elementor-widget elementor-widget-image\" data-id=\"99e64d4\" data-element_type=\"widget\" data-e-type=\"widget\" data-widget_type=\"image.default\">\n\t\t\t\t<div class=\"elementor-widget-container\">\n\t\t\t\t\t\t\t\t\t\t\t\t\t\t\t<img loading=\"lazy\" decoding=\"async\" width=\"600\" height=\"600\" src=\"https:\/\/coctelebra.com\/wp-content\/uploads\/2025\/04\/alquiler-para-eventos-al-aire-libre-1.webp\" class=\"attachment-large size-large wp-image-1438\" alt=\"alquiler para eventos al aire libre\" srcset=\"https:\/\/coctelebra.com\/wp-content\/uploads\/2025\/04\/alquiler-para-eventos-al-aire-libre-1.webp 600w, https:\/\/coctelebra.com\/wp-content\/uploads\/2025\/04\/alquiler-para-eventos-al-aire-libre-1-300x300.webp 300w, https:\/\/coctelebra.com\/wp-content\/uploads\/2025\/04\/alquiler-para-eventos-al-aire-libre-1-150x150.webp 150w\" sizes=\"(max-width: 600px) 100vw, 600px\" \/>\t\t\t\t\t\t\t\t\t\t\t\t\t\t\t<\/div>\n\t\t\t\t<\/div>\n\t\t\t\t<\/div>\n\t\t<div class=\"elementor-element elementor-element-958e3dc e-con-full e-flex e-con e-child\" data-id=\"958e3dc\" data-element_type=\"container\" data-e-type=\"container\">\n\t\t\t\t<div class=\"elementor-element elementor-element-87e57f4 elementor-widget elementor-widget-image\" data-id=\"87e57f4\" data-element_type=\"widget\" data-e-type=\"widget\" data-widget_type=\"image.default\">\n\t\t\t\t<div class=\"elementor-widget-container\">\n\t\t\t\t\t\t\t\t\t\t\t\t\t\t\t<img loading=\"lazy\" decoding=\"async\" width=\"600\" height=\"600\" src=\"https:\/\/coctelebra.com\/wp-content\/uploads\/2025\/04\/alquiler-para-un-evento-memorable.webp\" class=\"attachment-large size-large wp-image-1324\" alt=\"\" srcset=\"https:\/\/coctelebra.com\/wp-content\/uploads\/2025\/04\/alquiler-para-un-evento-memorable.webp 600w, https:\/\/coctelebra.com\/wp-content\/uploads\/2025\/04\/alquiler-para-un-evento-memorable-300x300.webp 300w, https:\/\/coctelebra.com\/wp-content\/uploads\/2025\/04\/alquiler-para-un-evento-memorable-150x150.webp 150w\" sizes=\"(max-width: 600px) 100vw, 600px\" \/>\t\t\t\t\t\t\t\t\t\t\t\t\t\t\t<\/div>\n\t\t\t\t<\/div>\n\t\t\t\t<\/div>\n\t\t\t\t\t<\/div>\n\t\t\t\t<\/div>\n\t\t\t\t<\/div>\n\t\t","protected":false},"excerpt":{"rendered":"<p>Location de mat\u00e9riel pour mariages et \u00e9v\u00e9nements \u00e0 Minorque Transformez votre espace en un endroit parfait Chez Coctelebra Catering, nous disposons d\u2019un vaste service de location d\u2019ustensiles de cuisine et de mat\u00e9riel pour les mariages et les \u00e9v\u00e8nements.Que vous souhaitiez c\u00e9l\u00e9brer un mariage, un \u00e9v\u00e8nement plus intime ou d\u2019entreprise, nous avons tout le n\u00e9cessaire pour [&hellip;]<\/p>\n","protected":false},"author":2,"featured_media":0,"parent":0,"menu_order":0,"comment_status":"closed","ping_status":"closed","template":"","meta":{"footnotes":""},"class_list":["post-1363","page","type-page","status-publish","hentry"],"yoast_head":"<!-- This site is optimized with the Yoast SEO plugin v27.2 - https:\/\/yoast.com\/product\/yoast-seo-wordpress\/ -->\n<title>Location d\u2019\u00e9quipement - Coctelebra Catering Menorca<\/title>\n<meta name=\"description\" content=\"Location de mat\u00e9riel pour mariages et \u00e9v\u00e9nements \u00e0 Minorque. Nappes, tables, couverts, verrerie... Tout ce qu\u2019il vous faut pour votre \u00e9v\u00e9nement\u202f!\" \/>\n<meta name=\"robots\" content=\"index, follow, max-snippet:-1, max-image-preview:large, max-video-preview:-1\" \/>\n<link rel=\"canonical\" href=\"https:\/\/coctelebra.com\/fr\/location-de-materiel\/\" \/>\n<meta property=\"og:locale\" content=\"fr_FR\" \/>\n<meta property=\"og:type\" content=\"article\" \/>\n<meta property=\"og:title\" content=\"Location d\u2019\u00e9quipement - Coctelebra Catering Menorca\" \/>\n<meta property=\"og:description\" content=\"Location de mat\u00e9riel pour mariages et \u00e9v\u00e9nements \u00e0 Minorque. Nappes, tables, couverts, verrerie... Tout ce qu\u2019il vous faut pour votre \u00e9v\u00e9nement\u202f!\" \/>\n<meta property=\"og:url\" content=\"https:\/\/coctelebra.com\/fr\/location-de-materiel\/\" \/>\n<meta property=\"og:site_name\" content=\"Coctelebra Catering Menorca\" \/>\n<meta property=\"article:modified_time\" content=\"2025-07-14T08:27:39+00:00\" \/>\n<meta property=\"og:image\" content=\"https:\/\/coctelebra.com\/wp-content\/uploads\/2025\/04\/alquiler-que-realza-tu-evento.webp\" \/>\n\t<meta property=\"og:image:width\" content=\"600\" \/>\n\t<meta property=\"og:image:height\" content=\"600\" \/>\n\t<meta property=\"og:image:type\" content=\"image\/webp\" \/>\n<meta name=\"twitter:card\" content=\"summary_large_image\" \/>\n<meta name=\"twitter:label1\" content=\"Dur\u00e9e de lecture estim\u00e9e\" \/>\n\t<meta name=\"twitter:data1\" content=\"1 minute\" \/>\n<script type=\"application\/ld+json\" class=\"yoast-schema-graph\">{\"@context\":\"https:\/\/schema.org\",\"@graph\":[{\"@type\":\"WebPage\",\"@id\":\"https:\/\/coctelebra.com\/fr\/location-de-materiel\/\",\"url\":\"https:\/\/coctelebra.com\/fr\/location-de-materiel\/\",\"name\":\"Location d\u2019\u00e9quipement - Coctelebra Catering Menorca\",\"isPartOf\":{\"@id\":\"https:\/\/coctelebra.com\/fr\/#website\"},\"primaryImageOfPage\":{\"@id\":\"https:\/\/coctelebra.com\/fr\/location-de-materiel\/#primaryimage\"},\"image\":{\"@id\":\"https:\/\/coctelebra.com\/fr\/location-de-materiel\/#primaryimage\"},\"thumbnailUrl\":\"https:\/\/coctelebra.com\/wp-content\/uploads\/2025\/04\/alquiler-que-realza-tu-evento.webp\",\"datePublished\":\"2025-03-21T16:22:40+00:00\",\"dateModified\":\"2025-07-14T08:27:39+00:00\",\"description\":\"Location de mat\u00e9riel pour mariages et \u00e9v\u00e9nements \u00e0 Minorque. Nappes, tables, couverts, verrerie... Tout ce qu\u2019il vous faut pour votre \u00e9v\u00e9nement\u202f!\",\"breadcrumb\":{\"@id\":\"https:\/\/coctelebra.com\/fr\/location-de-materiel\/#breadcrumb\"},\"inLanguage\":\"fr-FR\",\"potentialAction\":[{\"@type\":\"ReadAction\",\"target\":[\"https:\/\/coctelebra.com\/fr\/location-de-materiel\/\"]}]},{\"@type\":\"ImageObject\",\"inLanguage\":\"fr-FR\",\"@id\":\"https:\/\/coctelebra.com\/fr\/location-de-materiel\/#primaryimage\",\"url\":\"https:\/\/coctelebra.com\/wp-content\/uploads\/2025\/04\/alquiler-que-realza-tu-evento.webp\",\"contentUrl\":\"https:\/\/coctelebra.com\/wp-content\/uploads\/2025\/04\/alquiler-que-realza-tu-evento.webp\"},{\"@type\":\"BreadcrumbList\",\"@id\":\"https:\/\/coctelebra.com\/fr\/location-de-materiel\/#breadcrumb\",\"itemListElement\":[{\"@type\":\"ListItem\",\"position\":1,\"name\":\"Home\",\"item\":\"https:\/\/coctelebra.com\/fr\/\"},{\"@type\":\"ListItem\",\"position\":2,\"name\":\"Location d\u2019\u00e9quipement\"}]},{\"@type\":\"WebSite\",\"@id\":\"https:\/\/coctelebra.com\/fr\/#website\",\"url\":\"https:\/\/coctelebra.com\/fr\/\",\"name\":\"Coctelebra Catering Menorca\",\"description\":\"Catering para Bodas y Eventos en Menorca\",\"publisher\":{\"@id\":\"https:\/\/coctelebra.com\/fr\/#organization\"},\"potentialAction\":[{\"@type\":\"SearchAction\",\"target\":{\"@type\":\"EntryPoint\",\"urlTemplate\":\"https:\/\/coctelebra.com\/fr\/?s={search_term_string}\"},\"query-input\":{\"@type\":\"PropertyValueSpecification\",\"valueRequired\":true,\"valueName\":\"search_term_string\"}}],\"inLanguage\":\"fr-FR\"},{\"@type\":\"Organization\",\"@id\":\"https:\/\/coctelebra.com\/fr\/#organization\",\"name\":\"Coctelebra Catering Menorca\",\"url\":\"https:\/\/coctelebra.com\/fr\/\",\"logo\":{\"@type\":\"ImageObject\",\"inLanguage\":\"fr-FR\",\"@id\":\"https:\/\/coctelebra.com\/fr\/#\/schema\/logo\/image\/\",\"url\":\"https:\/\/coctelebra.com\/wp-content\/uploads\/2025\/03\/logo-coctelebra.jpg\",\"contentUrl\":\"https:\/\/coctelebra.com\/wp-content\/uploads\/2025\/03\/logo-coctelebra.jpg\",\"width\":1001,\"height\":314,\"caption\":\"Coctelebra Catering Menorca\"},\"image\":{\"@id\":\"https:\/\/coctelebra.com\/fr\/#\/schema\/logo\/image\/\"}}]}<\/script>\n<!-- \/ Yoast SEO plugin. -->","yoast_head_json":{"title":"Location d\u2019\u00e9quipement - Coctelebra Catering Menorca","description":"Location de mat\u00e9riel pour mariages et \u00e9v\u00e9nements \u00e0 Minorque. Nappes, tables, couverts, verrerie... Tout ce qu\u2019il vous faut pour votre \u00e9v\u00e9nement\u202f!","robots":{"index":"index","follow":"follow","max-snippet":"max-snippet:-1","max-image-preview":"max-image-preview:large","max-video-preview":"max-video-preview:-1"},"canonical":"https:\/\/coctelebra.com\/fr\/location-de-materiel\/","og_locale":"fr_FR","og_type":"article","og_title":"Location d\u2019\u00e9quipement - Coctelebra Catering Menorca","og_description":"Location de mat\u00e9riel pour mariages et \u00e9v\u00e9nements \u00e0 Minorque. Nappes, tables, couverts, verrerie... Tout ce qu\u2019il vous faut pour votre \u00e9v\u00e9nement\u202f!","og_url":"https:\/\/coctelebra.com\/fr\/location-de-materiel\/","og_site_name":"Coctelebra Catering Menorca","article_modified_time":"2025-07-14T08:27:39+00:00","og_image":[{"width":600,"height":600,"url":"https:\/\/coctelebra.com\/wp-content\/uploads\/2025\/04\/alquiler-que-realza-tu-evento.webp","type":"image\/webp"}],"twitter_card":"summary_large_image","twitter_misc":{"Dur\u00e9e de lecture estim\u00e9e":"1 minute"},"schema":{"@context":"https:\/\/schema.org","@graph":[{"@type":"WebPage","@id":"https:\/\/coctelebra.com\/fr\/location-de-materiel\/","url":"https:\/\/coctelebra.com\/fr\/location-de-materiel\/","name":"Location d\u2019\u00e9quipement - Coctelebra Catering Menorca","isPartOf":{"@id":"https:\/\/coctelebra.com\/fr\/#website"},"primaryImageOfPage":{"@id":"https:\/\/coctelebra.com\/fr\/location-de-materiel\/#primaryimage"},"image":{"@id":"https:\/\/coctelebra.com\/fr\/location-de-materiel\/#primaryimage"},"thumbnailUrl":"https:\/\/coctelebra.com\/wp-content\/uploads\/2025\/04\/alquiler-que-realza-tu-evento.webp","datePublished":"2025-03-21T16:22:40+00:00","dateModified":"2025-07-14T08:27:39+00:00","description":"Location de mat\u00e9riel pour mariages et \u00e9v\u00e9nements \u00e0 Minorque. Nappes, tables, couverts, verrerie... Tout ce qu\u2019il vous faut pour votre \u00e9v\u00e9nement\u202f!","breadcrumb":{"@id":"https:\/\/coctelebra.com\/fr\/location-de-materiel\/#breadcrumb"},"inLanguage":"fr-FR","potentialAction":[{"@type":"ReadAction","target":["https:\/\/coctelebra.com\/fr\/location-de-materiel\/"]}]},{"@type":"ImageObject","inLanguage":"fr-FR","@id":"https:\/\/coctelebra.com\/fr\/location-de-materiel\/#primaryimage","url":"https:\/\/coctelebra.com\/wp-content\/uploads\/2025\/04\/alquiler-que-realza-tu-evento.webp","contentUrl":"https:\/\/coctelebra.com\/wp-content\/uploads\/2025\/04\/alquiler-que-realza-tu-evento.webp"},{"@type":"BreadcrumbList","@id":"https:\/\/coctelebra.com\/fr\/location-de-materiel\/#breadcrumb","itemListElement":[{"@type":"ListItem","position":1,"name":"Home","item":"https:\/\/coctelebra.com\/fr\/"},{"@type":"ListItem","position":2,"name":"Location d\u2019\u00e9quipement"}]},{"@type":"WebSite","@id":"https:\/\/coctelebra.com\/fr\/#website","url":"https:\/\/coctelebra.com\/fr\/","name":"Coctelebra Catering Menorca","description":"Catering para Bodas y Eventos en Menorca","publisher":{"@id":"https:\/\/coctelebra.com\/fr\/#organization"},"potentialAction":[{"@type":"SearchAction","target":{"@type":"EntryPoint","urlTemplate":"https:\/\/coctelebra.com\/fr\/?s={search_term_string}"},"query-input":{"@type":"PropertyValueSpecification","valueRequired":true,"valueName":"search_term_string"}}],"inLanguage":"fr-FR"},{"@type":"Organization","@id":"https:\/\/coctelebra.com\/fr\/#organization","name":"Coctelebra Catering Menorca","url":"https:\/\/coctelebra.com\/fr\/","logo":{"@type":"ImageObject","inLanguage":"fr-FR","@id":"https:\/\/coctelebra.com\/fr\/#\/schema\/logo\/image\/","url":"https:\/\/coctelebra.com\/wp-content\/uploads\/2025\/03\/logo-coctelebra.jpg","contentUrl":"https:\/\/coctelebra.com\/wp-content\/uploads\/2025\/03\/logo-coctelebra.jpg","width":1001,"height":314,"caption":"Coctelebra Catering Menorca"},"image":{"@id":"https:\/\/coctelebra.com\/fr\/#\/schema\/logo\/image\/"}}]}},"_links":{"self":[{"href":"https:\/\/coctelebra.com\/fr\/wp-json\/wp\/v2\/pages\/1363","targetHints":{"allow":["GET"]}}],"collection":[{"href":"https:\/\/coctelebra.com\/fr\/wp-json\/wp\/v2\/pages"}],"about":[{"href":"https:\/\/coctelebra.com\/fr\/wp-json\/wp\/v2\/types\/page"}],"author":[{"embeddable":true,"href":"https:\/\/coctelebra.com\/fr\/wp-json\/wp\/v2\/users\/2"}],"replies":[{"embeddable":true,"href":"https:\/\/coctelebra.com\/fr\/wp-json\/wp\/v2\/comments?post=1363"}],"version-history":[{"count":9,"href":"https:\/\/coctelebra.com\/fr\/wp-json\/wp\/v2\/pages\/1363\/revisions"}],"predecessor-version":[{"id":2139,"href":"https:\/\/coctelebra.com\/fr\/wp-json\/wp\/v2\/pages\/1363\/revisions\/2139"}],"wp:attachment":[{"href":"https:\/\/coctelebra.com\/fr\/wp-json\/wp\/v2\/media?parent=1363"}],"curies":[{"name":"wp","href":"https:\/\/api.w.org\/{rel}","templated":true}]}}